{"id":16,"date":"2025-07-21T15:38:49","date_gmt":"2025-07-21T15:38:49","guid":{"rendered":"https:\/\/supriport.com.br\/servicos\/"},"modified":"2025-10-29T16:28:41","modified_gmt":"2025-10-29T16:28:41","slug":"servicos","status":"publish","type":"page","link":"https:\/\/supriport.com.br\/pt_br\/contato\/servicos\/","title":{"rendered":"Servi\u00e7os"},"content":{"rendered":"\n<div class=\"wp-block-group alignfull has-background-background-color has-background has-global-padding is-layout-constrained wp-container-core-group-is-layout-7276a2bb wp-block-group-is-layout-constrained\" id=\"servicos\" style=\"border-top-width:1px;margin-top:0;margin-bottom:0;padding-top:var(--wp--preset--spacing--60);padding-right:var(--wp--preset--spacing--30);padding-bottom:var(--wp--preset--spacing--60);padding-left:var(--wp--preset--spacing--30)\">\n<div class=\"wp-block-group alignwide is-layout-flow wp-block-group-is-layout-flow\">\n<div class=\"wp-block-group alignwide has-global-padding is-content-justification-left is-layout-constrained wp-container-core-group-is-layout-8b4c372c wp-block-group-is-layout-constrained\">\n<h2 class=\"wp-block-heading alignwide has-large-font-size\">Solu\u00e7\u00f5es completas e \u00e1geis em log\u00edstica portu\u00e1ria e multimodal, fornecimento de suprimentos e intermedia\u00e7ao de commodities<\/h2>\n\n\n\n<p class=\"has-text-align-left\" style=\"margin-top:16px\">Explore nossos servi\u00e7os especializados que garantem efici\u00eancia e excel\u00eancia para o setor portu\u00e1rio e de commodities.<\/p>\n<\/div>\n<\/div>\n\n\n\n<div class=\"wp-block-columns alignwide is-layout-flex wp-container-core-columns-is-layout-28f84493 wp-block-columns-is-layout-flex\">\n<div class=\"wp-block-column is-layout-flow wp-block-column-is-layout-flow\" style=\"border-width:1px;padding-top:var(--wp--preset--spacing--30);padding-right:var(--wp--preset--spacing--30);padding-bottom:var(--wp--preset--spacing--30);padding-left:var(--wp--preset--spacing--30)\">\n<h3 class=\"wp-block-heading\" style=\"font-size:clamp(14px, 0.875rem + ((1vw - 3.2px) * 0.625), 20px);line-height:1.5\">Log\u00edstica Portu\u00e1ria<\/h3>\n\n\n\n<p class=\"has-small-font-size\" style=\"margin-top:8px\">Operamos cargas nos portos de S\u00e3o Sebasti\u00e3o-SP, Santos-SP, Suape-PE e em Campana na Argentina (Terminal Euroamerica).<\/p>\n\n\n\n<p>Entre as cargas que movimentamos, est\u00e3o:<\/p>\n\n\n\n<ul class=\"wp-block-list\">\n<li>Gado Vivo<\/li>\n\n\n\n<li>Ve\u00edculos e M\u00e1quinas pesadas<\/li>\n\n\n\n<li>Cont\u00eaineres<\/li>\n\n\n\n<li>Cargas Especiais e de Projeto<\/li>\n\n\n\n<li>Gran\u00e9is s\u00f3lidos<\/li>\n\n\n\n<li>Sider\u00fargicos<\/li>\n\n\n\n<li>Carga geral<\/li>\n<\/ul>\n\n\n\n<figure class=\"wp-block-image size-large\"><img loading=\"lazy\" decoding=\"async\" width=\"1024\" height=\"432\" src=\"https:\/\/supriport.com.br\/wp-content\/uploads\/2025\/09\/montagem-1-1024x432.png\" alt=\"\" class=\"wp-image-144\" srcset=\"https:\/\/supriport.com.br\/wp-content\/uploads\/2025\/09\/montagem-1-1024x432.png 1024w, https:\/\/supriport.com.br\/wp-content\/uploads\/2025\/09\/montagem-1-300x127.png 300w, https:\/\/supriport.com.br\/wp-content\/uploads\/2025\/09\/montagem-1-768x324.png 768w, https:\/\/supriport.com.br\/wp-content\/uploads\/2025\/09\/montagem-1-1536x649.png 1536w, https:\/\/supriport.com.br\/wp-content\/uploads\/2025\/09\/montagem-1-2048x865.png 2048w\" sizes=\"auto, (max-width: 1024px) 100vw, 1024px\" \/><\/figure>\n\n\n\n<figure class=\"wp-block-image size-large\"><img loading=\"lazy\" decoding=\"async\" width=\"1024\" height=\"576\" src=\"https:\/\/supriport.com.br\/wp-content\/uploads\/2025\/09\/05a90a38c83e011a921e4eb81ed52be2-1024x576.jpg\" alt=\"\" class=\"wp-image-235\" srcset=\"https:\/\/supriport.com.br\/wp-content\/uploads\/2025\/09\/05a90a38c83e011a921e4eb81ed52be2-1024x576.jpg 1024w, https:\/\/supriport.com.br\/wp-content\/uploads\/2025\/09\/05a90a38c83e011a921e4eb81ed52be2-300x169.jpg 300w, https:\/\/supriport.com.br\/wp-content\/uploads\/2025\/09\/05a90a38c83e011a921e4eb81ed52be2-768x432.jpg 768w, https:\/\/supriport.com.br\/wp-content\/uploads\/2025\/09\/05a90a38c83e011a921e4eb81ed52be2.jpg 1280w\" sizes=\"auto, (max-width: 1024px) 100vw, 1024px\" \/><\/figure>\n\n\n\n<figure class=\"wp-block-image size-full\"><img loading=\"lazy\" decoding=\"async\" width=\"1024\" height=\"768\" src=\"https:\/\/supriport.com.br\/wp-content\/uploads\/2025\/09\/DSC01578.jpg\" alt=\"\" class=\"wp-image-148\" srcset=\"https:\/\/supriport.com.br\/wp-content\/uploads\/2025\/09\/DSC01578.jpg 1024w, https:\/\/supriport.com.br\/wp-content\/uploads\/2025\/09\/DSC01578-300x225.jpg 300w, https:\/\/supriport.com.br\/wp-content\/uploads\/2025\/09\/DSC01578-768x576.jpg 768w\" sizes=\"auto, (max-width: 1024px) 100vw, 1024px\" \/><\/figure>\n\n\n\n<figure class=\"wp-block-image size-large\"><img loading=\"lazy\" decoding=\"async\" width=\"1024\" height=\"769\" src=\"https:\/\/supriport.com.br\/wp-content\/uploads\/2025\/09\/26-1024x769.jpg\" alt=\"\" class=\"wp-image-149\" srcset=\"https:\/\/supriport.com.br\/wp-content\/uploads\/2025\/09\/26-1024x769.jpg 1024w, https:\/\/supriport.com.br\/wp-content\/uploads\/2025\/09\/26-300x225.jpg 300w, https:\/\/supriport.com.br\/wp-content\/uploads\/2025\/09\/26-768x577.jpg 768w, https:\/\/supriport.com.br\/wp-content\/uploads\/2025\/09\/26.jpg 1280w\" sizes=\"auto, (max-width: 1024px) 100vw, 1024px\" \/><\/figure>\n<\/div>\n\n\n\n<div class=\"wp-block-column is-layout-flow wp-block-column-is-layout-flow\" style=\"border-width:1px;padding-top:var(--wp--preset--spacing--30);padding-right:var(--wp--preset--spacing--30);padding-bottom:var(--wp--preset--spacing--30);padding-left:var(--wp--preset--spacing--30)\">\n<h3 class=\"wp-block-heading\" style=\"font-size:clamp(14px, 0.875rem + ((1vw - 3.2px) * 0.625), 20px);line-height:1.5\">Fornecimento de Suprimentos<\/h3>\n\n\n\n<p class=\"has-small-font-size\" style=\"margin-top:8px\">Garantimos fornecimento \u00e1gil e seguro de materiais e equipamentos essenciais para portos e ind\u00fastrias:<\/p>\n\n\n\n<ul class=\"wp-block-list\">\n<li>Empilhadeiras<\/li>\n\n\n\n<li>Guindastes<\/li>\n\n\n\n<li>Reach Stackers<\/li>\n\n\n\n<li>Tug Marsters e Roll Traillers<\/li>\n\n\n\n<li>Cintas, cabos, manilhas e materiais de i\u00e7amento<\/li>\n\n\n\n<li>Sacaria, big bags e Marine Slings para gran\u00e9is s\u00f3lidos<\/li>\n<\/ul>\n\n\n\n<figure class=\"wp-block-image size-full\"><img loading=\"lazy\" decoding=\"async\" width=\"908\" height=\"797\" src=\"https:\/\/supriport.com.br\/wp-content\/uploads\/2025\/09\/webbing-sling-uses.jpg\" alt=\"\" class=\"wp-image-145\" srcset=\"https:\/\/supriport.com.br\/wp-content\/uploads\/2025\/09\/webbing-sling-uses.jpg 908w, https:\/\/supriport.com.br\/wp-content\/uploads\/2025\/09\/webbing-sling-uses-300x263.jpg 300w, https:\/\/supriport.com.br\/wp-content\/uploads\/2025\/09\/webbing-sling-uses-768x674.jpg 768w\" sizes=\"auto, (max-width: 908px) 100vw, 908px\" \/><\/figure>\n\n\n\n<figure class=\"wp-block-image size-large\"><img loading=\"lazy\" decoding=\"async\" width=\"1024\" height=\"512\" src=\"https:\/\/supriport.com.br\/wp-content\/uploads\/2025\/09\/E3l9qRmXMAMr3xA-1024x512.jpg\" alt=\"\" class=\"wp-image-146\" srcset=\"https:\/\/supriport.com.br\/wp-content\/uploads\/2025\/09\/E3l9qRmXMAMr3xA-1024x512.jpg 1024w, https:\/\/supriport.com.br\/wp-content\/uploads\/2025\/09\/E3l9qRmXMAMr3xA-300x150.jpg 300w, https:\/\/supriport.com.br\/wp-content\/uploads\/2025\/09\/E3l9qRmXMAMr3xA-768x384.jpg 768w, https:\/\/supriport.com.br\/wp-content\/uploads\/2025\/09\/E3l9qRmXMAMr3xA.jpg 1200w\" sizes=\"auto, (max-width: 1024px) 100vw, 1024px\" \/><\/figure>\n\n\n\n<figure class=\"wp-block-image size-full\"><img loading=\"lazy\" decoding=\"async\" width=\"640\" height=\"575\" src=\"https:\/\/supriport.com.br\/wp-content\/uploads\/2025\/09\/prodfoto_130.jpg\" alt=\"\" class=\"wp-image-147\" srcset=\"https:\/\/supriport.com.br\/wp-content\/uploads\/2025\/09\/prodfoto_130.jpg 640w, https:\/\/supriport.com.br\/wp-content\/uploads\/2025\/09\/prodfoto_130-300x270.jpg 300w\" sizes=\"auto, (max-width: 640px) 100vw, 640px\" \/><\/figure>\n<\/div>\n\n\n\n<div class=\"wp-block-column is-layout-flow wp-block-column-is-layout-flow\" style=\"border-width:1px;padding-top:var(--wp--preset--spacing--30);padding-right:var(--wp--preset--spacing--30);padding-bottom:var(--wp--preset--spacing--30);padding-left:var(--wp--preset--spacing--30)\">\n<h3 class=\"wp-block-heading\" style=\"font-size:clamp(14px, 0.875rem + ((1vw - 3.2px) * 0.625), 20px);line-height:1.5\">Intermedia\u00e7\u00e3o de Commodities<\/h3>\n\n\n\n<p class=\"has-small-font-size\" style=\"margin-top:8px\">Facilitamos negocia\u00e7\u00f5es eficientes para compra e venda de mercadorias envolvendo fornecedres e compradores em v\u00e1rios pa\u00edses do mundo, incluindo o servi\u00e7o de Compliance completo de seu cliente Comprador\/Fornecedor. Contrate esse Servi\u00e7o clicando <strong><a href=\"\/COMPLIANCE\" target=\"_blank\" rel=\"noreferrer noopener\"><mark style=\"background-color:rgba(0, 0, 0, 0)\" class=\"has-inline-color has-primary-color\">aqui<\/mark><\/a><\/strong>.<\/p>\n\n\n\n<p>Somos signat\u00e1rios de uma das mais respeitadas empresas de compliance e conformidades em neg\u00f3cios com commodities (PHI Global Market SAS), agregando enorme seguran\u00e7a em nossas transa\u00e7\u00f5es comerciais envolvendo commodities.<\/p>\n\n\n\n<p>D\u00ea aceite em nossa NCNDA e beneficie-se de nossa seguran\u00e7a no trato de seus neg\u00f3cios com commodities clicando <strong><a href=\"https:\/\/supriport.com.br\/ncnda\/\" data-type=\"page\" data-id=\"108\" target=\"_blank\" rel=\"noreferrer noopener\"><mark style=\"background-color:rgba(0, 0, 0, 0)\" class=\"has-inline-color has-primary-color\">aqui<\/mark><\/a><\/strong>.<\/p>\n\n\n\n<p>Entre os commodities que negociamos est\u00e3o:<\/p>\n\n\n\n<ul class=\"wp-block-list\">\n<li>A\u00e7\u00facar (IC&#8217;s e VHP&#8217;s)<\/li>\n\n\n\n<li>Soja<\/li>\n\n\n\n<li>Milho<\/li>\n\n\n\n<li>Bauxita<\/li>\n\n\n\n<li>Areia de Silica<\/li>\n\n\n\n<li>Ur\u00e9ia<\/li>\n\n\n\n<li>Combust\u00edveis<\/li>\n\n\n\n<li>Cortes de Frango Congelados<\/li>\n<\/ul>\n\n\n\n<figure class=\"wp-block-image size-full\"><img loading=\"lazy\" decoding=\"async\" width=\"1024\" height=\"683\" src=\"https:\/\/supriport.com.br\/wp-content\/uploads\/2025\/09\/O-que-sao-commodities-e-porque-geram-impacto-1024x683-1.jpg\" alt=\"\" class=\"wp-image-150\" srcset=\"https:\/\/supriport.com.br\/wp-content\/uploads\/2025\/09\/O-que-sao-commodities-e-porque-geram-impacto-1024x683-1.jpg 1024w, https:\/\/supriport.com.br\/wp-content\/uploads\/2025\/09\/O-que-sao-commodities-e-porque-geram-impacto-1024x683-1-300x200.jpg 300w, https:\/\/supriport.com.br\/wp-content\/uploads\/2025\/09\/O-que-sao-commodities-e-porque-geram-impacto-1024x683-1-768x512.jpg 768w\" sizes=\"auto, (max-width: 1024px) 100vw, 1024px\" \/><\/figure>\n\n\n\n<figure class=\"wp-block-image size-large\"><img loading=\"lazy\" decoding=\"async\" width=\"1024\" height=\"571\" src=\"https:\/\/supriport.com.br\/wp-content\/uploads\/2025\/09\/IMG-20210321-WA0027-1024x571.jpg\" alt=\"\" class=\"wp-image-152\" srcset=\"https:\/\/supriport.com.br\/wp-content\/uploads\/2025\/09\/IMG-20210321-WA0027-1024x571.jpg 1024w, https:\/\/supriport.com.br\/wp-content\/uploads\/2025\/09\/IMG-20210321-WA0027-300x167.jpg 300w, https:\/\/supriport.com.br\/wp-content\/uploads\/2025\/09\/IMG-20210321-WA0027-768x428.jpg 768w, https:\/\/supriport.com.br\/wp-content\/uploads\/2025\/09\/IMG-20210321-WA0027.jpg 1238w\" sizes=\"auto, (max-width: 1024px) 100vw, 1024px\" \/><\/figure>\n<\/div>\n<\/div>\n\n\n\n<figure class=\"wp-block-image size-large\"><img loading=\"lazy\" decoding=\"async\" width=\"1024\" height=\"473\" src=\"https:\/\/supriport.com.br\/wp-content\/uploads\/2025\/09\/RED-montagem-2-1024x473.png\" alt=\"\" class=\"wp-image-138\" srcset=\"https:\/\/supriport.com.br\/wp-content\/uploads\/2025\/09\/RED-montagem-2-1024x473.png 1024w, https:\/\/supriport.com.br\/wp-content\/uploads\/2025\/09\/RED-montagem-2-300x139.png 300w, https:\/\/supriport.com.br\/wp-content\/uploads\/2025\/09\/RED-montagem-2-768x355.png 768w, https:\/\/supriport.com.br\/wp-content\/uploads\/2025\/09\/RED-montagem-2.png 1122w\" sizes=\"auto, (max-width: 1024px) 100vw, 1024px\" \/><\/figure>\n<\/div>\n\n\n\n<div class=\"wp-block-group alignfull has-tertiary-background-color has-background has-global-padding is-layout-constrained wp-container-core-group-is-layout-7276a2bb wp-block-group-is-layout-constrained\" style=\"border-top-width:1px;margin-top:0;margin-bottom:0;padding-top:var(--wp--preset--spacing--60);padding-right:var(--wp--preset--spacing--30);padding-bottom:var(--wp--preset--spacing--60);padding-left:var(--wp--preset--spacing--30)\">\n<div class=\"wp-block-group alignwide has-global-padding is-content-justification-center is-layout-constrained wp-block-group-is-layout-constrained\">\n<h2 class=\"wp-block-heading has-text-align-center has-large-font-size\">Como Operamos<\/h2>\n\n\n\n<p class=\"has-text-align-center\" style=\"margin-top:16px\"><\/p>\n<\/div>\n\n\n\n<div class=\"wp-block-columns alignwide is-layout-flex wp-container-core-columns-is-layout-d0846407 wp-block-columns-is-layout-flex\">\n<div class=\"wp-block-column is-layout-flow wp-block-column-is-layout-flow\">\n<div class=\"wp-block-group has-global-padding is-layout-constrained wp-container-core-group-is-layout-03abb0ef wp-block-group-is-layout-constrained\">\n<div class=\"wp-block-group has-background-color has-foreground-background-color has-text-color has-background has-link-color wp-elements-405cc3bf832f30c149604178c62844cf is-vertical is-content-justification-center is-layout-flex wp-container-core-group-is-layout-5da48540 wp-block-group-is-layout-flex\" style=\"border-radius:20rem;min-height:96px;padding-top:var(--wp--preset--spacing--20);padding-right:var(--wp--preset--spacing--20);padding-bottom:var(--wp--preset--spacing--20);padding-left:var(--wp--preset--spacing--20)\">\n<p style=\"font-size:clamp(1.188rem, 1.188rem + ((1vw - 0.2rem) * 1.153), 1.88rem);font-style:normal;font-weight:500\">1<\/p>\n<\/div>\n\n\n\n<h3 class=\"wp-block-heading has-text-align-center has-primary-color has-text-color has-link-color wp-elements-d541ef7c2f2307b107fae4d647d2edbc\" style=\"margin-top:24px;font-size:clamp(14px, 0.875rem + ((1vw - 3.2px) * 0.313), 17px);line-height:1\">Planejamento<\/h3>\n<\/div>\n\n\n\n<p class=\"has-text-align-center has-small-font-size\" style=\"margin-top:8px\">Definimos as necessidades do cliente e organizamos toda a log\u00edstica para um in\u00edcio seguro e eficiente do processo.<\/p>\n<\/div>\n\n\n\n<div class=\"wp-block-column is-layout-flow wp-block-column-is-layout-flow\">\n<div class=\"wp-block-group has-global-padding is-layout-constrained wp-container-core-group-is-layout-03abb0ef wp-block-group-is-layout-constrained\">\n<div class=\"wp-block-group has-background-color has-foreground-background-color has-text-color has-background has-link-color wp-elements-b3ac100d08cb6b2f78b3a45bf79429d7 is-vertical is-content-justification-center is-layout-flex wp-container-core-group-is-layout-5da48540 wp-block-group-is-layout-flex\" style=\"border-radius:20rem;min-height:96px;padding-top:var(--wp--preset--spacing--20);padding-right:var(--wp--preset--spacing--20);padding-bottom:var(--wp--preset--spacing--20);padding-left:var(--wp--preset--spacing--20)\">\n<p style=\"font-size:clamp(1.188rem, 1.188rem + ((1vw - 0.2rem) * 1.153), 1.88rem);font-style:normal;font-weight:500\">2<\/p>\n<\/div>\n\n\n\n<h3 class=\"wp-block-heading has-text-align-center has-primary-color has-text-color has-link-color wp-elements-7438099dbb0b36c8c33203db5b082586\" style=\"margin-top:24px;font-size:clamp(14px, 0.875rem + ((1vw - 3.2px) * 0.313), 17px);line-height:1\">Execu\u00e7\u00e3o<\/h3>\n<\/div>\n\n\n\n<p class=\"has-text-align-center has-small-font-size\" style=\"margin-top:8px\">Coordenamos o fornecimento dos servi\u00e7os, materiais e o transporte de suprimentos, garantindo agilidade e controle em cada movimenta\u00e7\u00e3o.<\/p>\n<\/div>\n\n\n\n<div class=\"wp-block-column is-layout-flow wp-block-column-is-layout-flow\">\n<div class=\"wp-block-group has-global-padding is-layout-constrained wp-container-core-group-is-layout-03abb0ef wp-block-group-is-layout-constrained\">\n<div class=\"wp-block-group has-border-color has-tertiary-border-color has-background-color has-foreground-background-color has-text-color has-background has-link-color wp-elements-7f2641ce2fcfce73982d67a6b941939c is-vertical is-content-justification-center is-layout-flex wp-container-core-group-is-layout-5da48540 wp-block-group-is-layout-flex\" style=\"border-width:1px;border-radius:20rem;min-height:96px;padding-top:var(--wp--preset--spacing--20);padding-right:var(--wp--preset--spacing--20);padding-bottom:var(--wp--preset--spacing--20);padding-left:var(--wp--preset--spacing--20)\">\n<p style=\"font-size:clamp(1.188rem, 1.188rem + ((1vw - 0.2rem) * 1.153), 1.88rem);font-style:normal;font-weight:500\">3<\/p>\n<\/div>\n\n\n\n<h3 class=\"wp-block-heading has-text-align-center has-primary-color has-text-color has-link-color wp-elements-9f0e60119729c7e6456779802b863541\" style=\"margin-top:24px;font-size:clamp(14px, 0.875rem + ((1vw - 3.2px) * 0.313), 17px);line-height:1\">Finaliza\u00e7\u00e3o<\/h3>\n<\/div>\n\n\n\n<p class=\"has-text-align-center has-small-font-size\" style=\"margin-top:8px\">Realizamos a entrega e confer\u00eancia final, assegurando a satisfa\u00e7\u00e3o total e o fechamento eficiente do servi\u00e7o e a qualidade de nossas m\u00e1quinas, equipamentos e suprimentos.<\/p>\n<\/div>\n<\/div>\n<\/div>\n\n\n\n<div class=\"wp-block-group alignfull has-background-background-color has-background has-global-padding is-layout-constrained wp-container-core-group-is-layout-b8f1cce0 wp-block-group-is-layout-constrained\" id=\"depoimentos\" style=\"border-top-width:1px;margin-top:0;margin-bottom:0;padding-top:0;padding-right:var(--wp--preset--spacing--30);padding-bottom:0;padding-left:var(--wp--preset--spacing--30)\"><\/div>\n","protected":false},"excerpt":{"rendered":"<p>Solu\u00e7\u00f5es completas e \u00e1geis em log\u00edstica portu\u00e1ria e multimodal, fornecimento de suprimentos e intermedia\u00e7ao de commodities Explore nossos servi\u00e7os especializados que garantem efici\u00eancia e excel\u00eancia para o setor portu\u00e1rio e de commodities. Log\u00edstica Portu\u00e1ria Operamos cargas nos portos de S\u00e3o Sebasti\u00e3o-SP, Santos-SP, Suape-PE e em Campana na Argentina (Terminal Euroamerica). Entre as cargas que movimentamos, [&hellip;]<\/p>\n","protected":false},"author":1,"featured_media":0,"parent":14,"menu_order":0,"comment_status":"closed","ping_status":"closed","template":"page-with-title","meta":{"footnotes":""},"class_list":["post-16","page","type-page","status-publish","hentry"],"_links":{"self":[{"href":"https:\/\/supriport.com.br\/pt_br\/wp-json\/wp\/v2\/pages\/16","targetHints":{"allow":["GET"]}}],"collection":[{"href":"https:\/\/supriport.com.br\/pt_br\/wp-json\/wp\/v2\/pages"}],"about":[{"href":"https:\/\/supriport.com.br\/pt_br\/wp-json\/wp\/v2\/types\/page"}],"author":[{"embeddable":true,"href":"https:\/\/supriport.com.br\/pt_br\/wp-json\/wp\/v2\/users\/1"}],"replies":[{"embeddable":true,"href":"https:\/\/supriport.com.br\/pt_br\/wp-json\/wp\/v2\/comments?post=16"}],"version-history":[{"count":11,"href":"https:\/\/supriport.com.br\/pt_br\/wp-json\/wp\/v2\/pages\/16\/revisions"}],"predecessor-version":[{"id":262,"href":"https:\/\/supriport.com.br\/pt_br\/wp-json\/wp\/v2\/pages\/16\/revisions\/262"}],"up":[{"embeddable":true,"href":"https:\/\/supriport.com.br\/pt_br\/wp-json\/wp\/v2\/pages\/14"}],"wp:attachment":[{"href":"https:\/\/supriport.com.br\/pt_br\/wp-json\/wp\/v2\/media?parent=16"}],"curies":[{"name":"wp","href":"https:\/\/api.w.org\/{rel}","templated":true}]}}