{"id":15,"date":"2025-07-21T15:38:49","date_gmt":"2025-07-21T15:38:49","guid":{"rendered":"https:\/\/supriport.com.br\/portfolio\/"},"modified":"2025-10-29T16:31:19","modified_gmt":"2025-10-29T16:31:19","slug":"portfolio","status":"publish","type":"page","link":"https:\/\/supriport.com.br\/pt_br\/portfolio\/","title":{"rendered":"Portf\u00f3lio"},"content":{"rendered":"\n<div class=\"wp-block-group alignfull has-background-background-color has-background has-global-padding is-layout-constrained wp-container-core-group-is-layout-43f6b3f1 wp-block-group-is-layout-constrained\" id=\"portifolio\" style=\"border-top-width:1px;margin-top:0;margin-bottom:0;padding-top:var(--wp--preset--spacing--60);padding-bottom:var(--wp--preset--spacing--60)\">\n<div class=\"wp-block-group alignwide is-vertical is-layout-flex wp-container-core-group-is-layout-fe9cc265 wp-block-group-is-layout-flex\">\n<div class=\"wp-block-group is-vertical is-content-justification-left is-layout-flex wp-container-core-group-is-layout-0c39fd5e wp-block-group-is-layout-flex\">\n<h2 class=\"wp-block-heading alignwide has-primary-color has-text-color has-link-color has-large-font-size wp-elements-2951a45735de7154230d86e7a3a2be9f\">Conhe\u00e7a algumas de nossas Opera\u00e7\u00f5es Portu\u00e1rias,  Servi\u00e7os e Produtos<\/h2>\n\n\n\n<div class=\"wp-block-columns is-layout-flex wp-container-core-columns-is-layout-28f84493 wp-block-columns-is-layout-flex\">\n<div class=\"wp-block-column is-layout-flow wp-block-column-is-layout-flow\" style=\"flex-basis:100%\">\n<p class=\"has-small-font-size\" style=\"margin-top:16px\">Conhe\u00e7a alguns de nossos projetos que refletem nosso compromisso com efici\u00eancia, inova\u00e7\u00e3o e atendimento personalizado.<\/p>\n<\/div>\n<\/div>\n<\/div>\n<\/div>\n\n\n\n<h2 class=\"wp-block-heading alignwide has-text-align-center\" id=\"we-re-a-studio-in-berlin-with-an-international-practice-in-architecture-urban-planning-and-interior-design-we-believe-in-sharing-knowledge-and-promoting-dialogue-to-increase-the-creative-potential-of-collaboration\" style=\"font-size:24px;line-height:1.1\">Veja alguns v\u00eddeos de nossas opera\u00e7\u00f5es<\/h2>\n\n\n\n<figure class=\"wp-block-embed is-type-video is-provider-youtube wp-block-embed-youtube wp-embed-aspect-16-9 wp-has-aspect-ratio\"><div class=\"wp-block-embed__wrapper\">\n<iframe loading=\"lazy\" title=\"1A\u00e7\u00facar S\u00e3o Sebasti\u00e3o\" width=\"500\" height=\"281\" src=\"https:\/\/www.youtube.com\/embed\/gVZhHFexMSY?feature=oembed\" frameborder=\"0\" allow=\"accelerometer; autoplay; clipboard-write; encrypted-media; gyroscope; picture-in-picture; web-share\" referrerpolicy=\"strict-origin-when-cross-origin\" allowfullscreen><\/iframe>\n<\/div><\/figure>\n\n\n\n<figure class=\"wp-block-embed is-type-video is-provider-youtube wp-block-embed-youtube wp-embed-aspect-16-9 wp-has-aspect-ratio\"><div class=\"wp-block-embed__wrapper\">\n<iframe loading=\"lazy\" title=\"VHP GRANEL   SSB\" width=\"500\" height=\"281\" src=\"https:\/\/www.youtube.com\/embed\/eIG9IXuvwzQ?feature=oembed\" frameborder=\"0\" allow=\"accelerometer; autoplay; clipboard-write; encrypted-media; gyroscope; picture-in-picture; web-share\" referrerpolicy=\"strict-origin-when-cross-origin\" allowfullscreen><\/iframe>\n<\/div><\/figure>\n\n\n\n<figure class=\"wp-block-embed is-type-video is-provider-youtube wp-block-embed-youtube wp-embed-aspect-16-9 wp-has-aspect-ratio\"><div class=\"wp-block-embed__wrapper\">\n<iframe loading=\"lazy\" title=\"milho S\u00e3o Sebasti\u00e3o\" width=\"500\" height=\"281\" src=\"https:\/\/www.youtube.com\/embed\/U31UnMzWIbE?feature=oembed\" frameborder=\"0\" allow=\"accelerometer; autoplay; clipboard-write; encrypted-media; gyroscope; picture-in-picture; web-share\" referrerpolicy=\"strict-origin-when-cross-origin\" allowfullscreen><\/iframe>\n<\/div><\/figure>\n\n\n\n<figure class=\"wp-block-embed is-type-video is-provider-youtube wp-block-embed-youtube wp-embed-aspect-16-9 wp-has-aspect-ratio\"><div class=\"wp-block-embed__wrapper\">\n<iframe loading=\"lazy\" title=\"Proporto Eucatex\" width=\"500\" height=\"281\" src=\"https:\/\/www.youtube.com\/embed\/8-lJ4-y4n8w?feature=oembed\" frameborder=\"0\" allow=\"accelerometer; autoplay; clipboard-write; encrypted-media; gyroscope; picture-in-picture; web-share\" referrerpolicy=\"strict-origin-when-cross-origin\" allowfullscreen><\/iframe>\n<\/div><\/figure>\n<\/div>\n\n\n\n<p><\/p>\n\n\n\n<p><\/p>\n\n\n\n<div class=\"wp-block-group alignfull has-background-background-color has-background has-global-padding is-layout-constrained wp-container-core-group-is-layout-43f6b3f1 wp-block-group-is-layout-constrained\" id=\"portifolio\" style=\"border-top-width:1px;margin-top:0;margin-bottom:0;padding-top:var(--wp--preset--spacing--60);padding-bottom:var(--wp--preset--spacing--60)\">\n<h2 class=\"wp-block-heading alignwide has-text-align-center\" id=\"we-re-a-studio-in-berlin-with-an-international-practice-in-architecture-urban-planning-and-interior-design-we-believe-in-sharing-knowledge-and-promoting-dialogue-to-increase-the-creative-potential-of-collaboration\" style=\"font-size:24px;line-height:1.1\">Veja algumas fotos de nossas opera\u00e7\u00f5es<\/h2>\n\n\n\n<figure class=\"wp-block-image size-full\"><img loading=\"lazy\" decoding=\"async\" width=\"877\" height=\"471\" src=\"https:\/\/supriport.com.br\/wp-content\/uploads\/2025\/09\/gado-vivo-ssb.png\" alt=\"\" class=\"wp-image-231\" srcset=\"https:\/\/supriport.com.br\/wp-content\/uploads\/2025\/09\/gado-vivo-ssb.png 877w, https:\/\/supriport.com.br\/wp-content\/uploads\/2025\/09\/gado-vivo-ssb-300x161.png 300w, https:\/\/supriport.com.br\/wp-content\/uploads\/2025\/09\/gado-vivo-ssb-768x412.png 768w\" sizes=\"auto, (max-width: 877px) 100vw, 877px\" \/><\/figure>\n\n\n\n<figure class=\"wp-block-image size-full\"><img loading=\"lazy\" decoding=\"async\" width=\"640\" height=\"480\" src=\"https:\/\/supriport.com.br\/wp-content\/uploads\/2025\/09\/100_1405.jpg\" alt=\"\" class=\"wp-image-156\" srcset=\"https:\/\/supriport.com.br\/wp-content\/uploads\/2025\/09\/100_1405.jpg 640w, https:\/\/supriport.com.br\/wp-content\/uploads\/2025\/09\/100_1405-300x225.jpg 300w\" sizes=\"auto, (max-width: 640px) 100vw, 640px\" \/><\/figure>\n\n\n\n<figure class=\"wp-block-image size-large\"><img loading=\"lazy\" decoding=\"async\" width=\"1024\" height=\"576\" src=\"https:\/\/supriport.com.br\/wp-content\/uploads\/2025\/09\/Aerea-3a-1024x576.jpg\" alt=\"\" class=\"wp-image-157\" srcset=\"https:\/\/supriport.com.br\/wp-content\/uploads\/2025\/09\/Aerea-3a-1024x576.jpg 1024w, https:\/\/supriport.com.br\/wp-content\/uploads\/2025\/09\/Aerea-3a-300x169.jpg 300w, https:\/\/supriport.com.br\/wp-content\/uploads\/2025\/09\/Aerea-3a-768x432.jpg 768w, https:\/\/supriport.com.br\/wp-content\/uploads\/2025\/09\/Aerea-3a.jpg 1280w\" sizes=\"auto, (max-width: 1024px) 100vw, 1024px\" \/><\/figure>\n\n\n\n<figure class=\"wp-block-image size-large\"><img loading=\"lazy\" decoding=\"async\" width=\"1024\" height=\"768\" src=\"https:\/\/supriport.com.br\/wp-content\/uploads\/2025\/09\/DSC03271-1024x768.jpg\" alt=\"\" class=\"wp-image-158\" srcset=\"https:\/\/supriport.com.br\/wp-content\/uploads\/2025\/09\/DSC03271-1024x768.jpg 1024w, https:\/\/supriport.com.br\/wp-content\/uploads\/2025\/09\/DSC03271-300x225.jpg 300w, https:\/\/supriport.com.br\/wp-content\/uploads\/2025\/09\/DSC03271-768x576.jpg 768w, https:\/\/supriport.com.br\/wp-content\/uploads\/2025\/09\/DSC03271-1536x1152.jpg 1536w, https:\/\/supriport.com.br\/wp-content\/uploads\/2025\/09\/DSC03271-2048x1536.jpg 2048w\" sizes=\"auto, (max-width: 1024px) 100vw, 1024px\" \/><\/figure>\n\n\n\n<figure class=\"wp-block-image size-large\"><img loading=\"lazy\" decoding=\"async\" width=\"1024\" height=\"768\" src=\"https:\/\/supriport.com.br\/wp-content\/uploads\/2025\/09\/DSC06672-1024x768.jpg\" alt=\"\" class=\"wp-image-159\" srcset=\"https:\/\/supriport.com.br\/wp-content\/uploads\/2025\/09\/DSC06672-1024x768.jpg 1024w, https:\/\/supriport.com.br\/wp-content\/uploads\/2025\/09\/DSC06672-300x225.jpg 300w, https:\/\/supriport.com.br\/wp-content\/uploads\/2025\/09\/DSC06672-768x576.jpg 768w, https:\/\/supriport.com.br\/wp-content\/uploads\/2025\/09\/DSC06672-1536x1152.jpg 1536w, https:\/\/supriport.com.br\/wp-content\/uploads\/2025\/09\/DSC06672-2048x1536.jpg 2048w\" sizes=\"auto, (max-width: 1024px) 100vw, 1024px\" \/><\/figure>\n\n\n\n<figure class=\"wp-block-image size-large\"><img loading=\"lazy\" decoding=\"async\" width=\"1024\" height=\"548\" src=\"https:\/\/supriport.com.br\/wp-content\/uploads\/2025\/09\/IMG-20210321-WA0030-1024x548.jpg\" alt=\"\" class=\"wp-image-160\" srcset=\"https:\/\/supriport.com.br\/wp-content\/uploads\/2025\/09\/IMG-20210321-WA0030-1024x548.jpg 1024w, https:\/\/supriport.com.br\/wp-content\/uploads\/2025\/09\/IMG-20210321-WA0030-300x161.jpg 300w, https:\/\/supriport.com.br\/wp-content\/uploads\/2025\/09\/IMG-20210321-WA0030-768x411.jpg 768w, https:\/\/supriport.com.br\/wp-content\/uploads\/2025\/09\/IMG-20210321-WA0030.jpg 1280w\" sizes=\"auto, (max-width: 1024px) 100vw, 1024px\" \/><\/figure>\n\n\n\n<figure class=\"wp-block-image size-full\"><img loading=\"lazy\" decoding=\"async\" width=\"541\" height=\"405\" src=\"https:\/\/supriport.com.br\/wp-content\/uploads\/2025\/09\/New_DSC00872.jpg\" alt=\"\" class=\"wp-image-161\" srcset=\"https:\/\/supriport.com.br\/wp-content\/uploads\/2025\/09\/New_DSC00872.jpg 541w, https:\/\/supriport.com.br\/wp-content\/uploads\/2025\/09\/New_DSC00872-300x225.jpg 300w\" sizes=\"auto, (max-width: 541px) 100vw, 541px\" \/><\/figure>\n\n\n\n<figure class=\"wp-block-image size-full\"><img loading=\"lazy\" decoding=\"async\" width=\"480\" height=\"360\" src=\"https:\/\/supriport.com.br\/wp-content\/uploads\/2025\/09\/S5032496.jpg\" alt=\"\" class=\"wp-image-162\" srcset=\"https:\/\/supriport.com.br\/wp-content\/uploads\/2025\/09\/S5032496.jpg 480w, https:\/\/supriport.com.br\/wp-content\/uploads\/2025\/09\/S5032496-300x225.jpg 300w\" sizes=\"auto, (max-width: 480px) 100vw, 480px\" \/><\/figure>\n\n\n\n<figure class=\"wp-block-image size-full\"><img loading=\"lazy\" decoding=\"async\" width=\"795\" height=\"448\" src=\"https:\/\/supriport.com.br\/wp-content\/uploads\/2025\/09\/2.png\" alt=\"\" class=\"wp-image-163\" srcset=\"https:\/\/supriport.com.br\/wp-content\/uploads\/2025\/09\/2.png 795w, https:\/\/supriport.com.br\/wp-content\/uploads\/2025\/09\/2-300x169.png 300w, https:\/\/supriport.com.br\/wp-content\/uploads\/2025\/09\/2-768x433.png 768w\" sizes=\"auto, (max-width: 795px) 100vw, 795px\" \/><\/figure>\n\n\n\n<figure class=\"wp-block-image size-large\"><img loading=\"lazy\" decoding=\"async\" width=\"1024\" height=\"559\" src=\"https:\/\/supriport.com.br\/wp-content\/uploads\/2025\/09\/PA-1024x559.png\" alt=\"\" class=\"wp-image-164\" srcset=\"https:\/\/supriport.com.br\/wp-content\/uploads\/2025\/09\/PA-1024x559.png 1024w, https:\/\/supriport.com.br\/wp-content\/uploads\/2025\/09\/PA-300x164.png 300w, https:\/\/supriport.com.br\/wp-content\/uploads\/2025\/09\/PA-768x419.png 768w, https:\/\/supriport.com.br\/wp-content\/uploads\/2025\/09\/PA.png 1123w\" sizes=\"auto, (max-width: 1024px) 100vw, 1024px\" \/><\/figure>\n\n\n\n<figure class=\"wp-block-image size-full\"><img loading=\"lazy\" decoding=\"async\" width=\"917\" height=\"611\" src=\"https:\/\/supriport.com.br\/wp-content\/uploads\/2025\/09\/5.jpg\" alt=\"\" class=\"wp-image-165\" srcset=\"https:\/\/supriport.com.br\/wp-content\/uploads\/2025\/09\/5.jpg 917w, https:\/\/supriport.com.br\/wp-content\/uploads\/2025\/09\/5-300x200.jpg 300w, https:\/\/supriport.com.br\/wp-content\/uploads\/2025\/09\/5-768x512.jpg 768w\" sizes=\"auto, (max-width: 917px) 100vw, 917px\" \/><\/figure>\n\n\n\n<figure class=\"wp-block-image size-full\"><img loading=\"lazy\" decoding=\"async\" width=\"800\" height=\"600\" src=\"https:\/\/supriport.com.br\/wp-content\/uploads\/2025\/09\/DSC00525.jpg\" alt=\"\" class=\"wp-image-166\" srcset=\"https:\/\/supriport.com.br\/wp-content\/uploads\/2025\/09\/DSC00525.jpg 800w, https:\/\/supriport.com.br\/wp-content\/uploads\/2025\/09\/DSC00525-300x225.jpg 300w, https:\/\/supriport.com.br\/wp-content\/uploads\/2025\/09\/DSC00525-768x576.jpg 768w\" sizes=\"auto, (max-width: 800px) 100vw, 800px\" \/><\/figure>\n\n\n\n<figure class=\"wp-block-image size-large\"><img loading=\"lazy\" decoding=\"async\" width=\"1024\" height=\"575\" src=\"https:\/\/supriport.com.br\/wp-content\/uploads\/2025\/09\/IMG-20210321-WA0020-1024x575.jpg\" alt=\"\" class=\"wp-image-167\" srcset=\"https:\/\/supriport.com.br\/wp-content\/uploads\/2025\/09\/IMG-20210321-WA0020-1024x575.jpg 1024w, https:\/\/supriport.com.br\/wp-content\/uploads\/2025\/09\/IMG-20210321-WA0020-300x169.jpg 300w, https:\/\/supriport.com.br\/wp-content\/uploads\/2025\/09\/IMG-20210321-WA0020-768x431.jpg 768w, https:\/\/supriport.com.br\/wp-content\/uploads\/2025\/09\/IMG-20210321-WA0020.jpg 1280w\" sizes=\"auto, (max-width: 1024px) 100vw, 1024px\" \/><\/figure>\n\n\n\n<figure class=\"wp-block-image size-large\"><img loading=\"lazy\" decoding=\"async\" width=\"1024\" height=\"575\" src=\"https:\/\/supriport.com.br\/wp-content\/uploads\/2025\/09\/IMG-20210321-WA0023-1024x575.jpg\" alt=\"\" class=\"wp-image-168\" srcset=\"https:\/\/supriport.com.br\/wp-content\/uploads\/2025\/09\/IMG-20210321-WA0023-1024x575.jpg 1024w, https:\/\/supriport.com.br\/wp-content\/uploads\/2025\/09\/IMG-20210321-WA0023-300x169.jpg 300w, https:\/\/supriport.com.br\/wp-content\/uploads\/2025\/09\/IMG-20210321-WA0023-768x431.jpg 768w, https:\/\/supriport.com.br\/wp-content\/uploads\/2025\/09\/IMG-20210321-WA0023.jpg 1280w\" sizes=\"auto, (max-width: 1024px) 100vw, 1024px\" \/><\/figure>\n\n\n\n<figure class=\"wp-block-image size-large\"><img loading=\"lazy\" decoding=\"async\" width=\"1024\" height=\"552\" src=\"https:\/\/supriport.com.br\/wp-content\/uploads\/2025\/09\/IMG-20210321-WA0031-1024x552.jpg\" alt=\"\" class=\"wp-image-169\" srcset=\"https:\/\/supriport.com.br\/wp-content\/uploads\/2025\/09\/IMG-20210321-WA0031-1024x552.jpg 1024w, https:\/\/supriport.com.br\/wp-content\/uploads\/2025\/09\/IMG-20210321-WA0031-300x162.jpg 300w, https:\/\/supriport.com.br\/wp-content\/uploads\/2025\/09\/IMG-20210321-WA0031-768x414.jpg 768w, https:\/\/supriport.com.br\/wp-content\/uploads\/2025\/09\/IMG-20210321-WA0031.jpg 1280w\" sizes=\"auto, (max-width: 1024px) 100vw, 1024px\" \/><\/figure>\n\n\n\n<figure class=\"wp-block-image size-full\"><img loading=\"lazy\" decoding=\"async\" width=\"1024\" height=\"768\" src=\"https:\/\/supriport.com.br\/wp-content\/uploads\/2025\/09\/P6060222.jpg\" alt=\"\" class=\"wp-image-170\" srcset=\"https:\/\/supriport.com.br\/wp-content\/uploads\/2025\/09\/P6060222.jpg 1024w, https:\/\/supriport.com.br\/wp-content\/uploads\/2025\/09\/P6060222-300x225.jpg 300w, https:\/\/supriport.com.br\/wp-content\/uploads\/2025\/09\/P6060222-768x576.jpg 768w\" sizes=\"auto, (max-width: 1024px) 100vw, 1024px\" \/><\/figure>\n\n\n\n<div class=\"wp-block-columns alignwide is-layout-flex wp-container-core-columns-is-layout-08c01c1c wp-block-columns-is-layout-flex\">\n<div class=\"wp-block-column is-layout-flow wp-block-column-is-layout-flow\"><\/div>\n<\/div>\n\n\n\n<div class=\"wp-block-columns alignwide is-layout-flex wp-container-core-columns-is-layout-08c01c1c wp-block-columns-is-layout-flex\">\n<div class=\"wp-block-column is-layout-flow wp-block-column-is-layout-flow\"><\/div>\n\n\n\n<div class=\"wp-block-column is-layout-flow wp-block-column-is-layout-flow\"><\/div>\n\n\n\n<div class=\"wp-block-column is-layout-flow wp-block-column-is-layout-flow\"><\/div>\n<\/div>\n<\/div>\n\n\n\n<div class=\"wp-block-group alignfull has-background-background-color has-background has-global-padding is-layout-constrained wp-container-core-group-is-layout-b8f1cce0 wp-block-group-is-layout-constrained\" id=\"depoimentos\" style=\"border-top-width:1px;margin-top:0;margin-bottom:0;padding-top:0;padding-right:var(--wp--preset--spacing--30);padding-bottom:0;padding-left:var(--wp--preset--spacing--30)\">\n<p>Na \u00e1rea de intermedia\u00e7\u00e3o de Commodities, oferecemos o servi\u00e7o de Compliance completo de seu cliente Comprador\/Fornecedor. Contrate esse Servi\u00e7o clicando <strong><a href=\"\/COMPLIANCE\" target=\"_blank\" rel=\"noreferrer noopener\"><mark style=\"background-color:rgba(0, 0, 0, 0)\" class=\"has-inline-color has-primary-color\">aqui<\/mark><\/a><\/strong>.<\/p>\n<\/div>\n","protected":false},"excerpt":{"rendered":"<p>Conhe\u00e7a algumas de nossas Opera\u00e7\u00f5es Portu\u00e1rias, Servi\u00e7os e Produtos Conhe\u00e7a alguns de nossos projetos que refletem nosso compromisso com efici\u00eancia, inova\u00e7\u00e3o e atendimento personalizado. Veja alguns v\u00eddeos de nossas opera\u00e7\u00f5es Veja algumas fotos de nossas opera\u00e7\u00f5es Na \u00e1rea de intermedia\u00e7\u00e3o de Commodities, oferecemos o servi\u00e7o de Compliance completo de seu cliente Comprador\/Fornecedor. Contrate esse Servi\u00e7o [&hellip;]<\/p>\n","protected":false},"author":1,"featured_media":0,"parent":0,"menu_order":0,"comment_status":"closed","ping_status":"closed","template":"page-with-title","meta":{"footnotes":""},"class_list":["post-15","page","type-page","status-publish","hentry"],"_links":{"self":[{"href":"https:\/\/supriport.com.br\/pt_br\/wp-json\/wp\/v2\/pages\/15","targetHints":{"allow":["GET"]}}],"collection":[{"href":"https:\/\/supriport.com.br\/pt_br\/wp-json\/wp\/v2\/pages"}],"about":[{"href":"https:\/\/supriport.com.br\/pt_br\/wp-json\/wp\/v2\/types\/page"}],"author":[{"embeddable":true,"href":"https:\/\/supriport.com.br\/pt_br\/wp-json\/wp\/v2\/users\/1"}],"replies":[{"embeddable":true,"href":"https:\/\/supriport.com.br\/pt_br\/wp-json\/wp\/v2\/comments?post=15"}],"version-history":[{"count":15,"href":"https:\/\/supriport.com.br\/pt_br\/wp-json\/wp\/v2\/pages\/15\/revisions"}],"predecessor-version":[{"id":264,"href":"https:\/\/supriport.com.br\/pt_br\/wp-json\/wp\/v2\/pages\/15\/revisions\/264"}],"wp:attachment":[{"href":"https:\/\/supriport.com.br\/pt_br\/wp-json\/wp\/v2\/media?parent=15"}],"curies":[{"name":"wp","href":"https:\/\/api.w.org\/{rel}","templated":true}]}}