{"id":14,"date":"2025-07-21T15:38:48","date_gmt":"2025-07-21T15:38:48","guid":{"rendered":"https:\/\/supriport.com.br\/contato\/"},"modified":"2025-11-03T23:54:11","modified_gmt":"2025-11-03T23:54:11","slug":"contato","status":"publish","type":"page","link":"https:\/\/supriport.com.br\/pt_br\/contato\/","title":{"rendered":"Contato"},"content":{"rendered":"\n<div class=\"wp-block-group alignfull has-background-background-color has-background has-global-padding is-layout-constrained wp-block-group-is-layout-constrained\" style=\"margin-top:0;margin-bottom:0;padding-top:var(--wp--preset--spacing--60);padding-bottom:var(--wp--preset--spacing--60)\">\n<div class=\"wp-block-columns alignwide is-layout-flex wp-container-core-columns-is-layout-08c01c1c wp-block-columns-is-layout-flex\">\n<div class=\"wp-block-column is-layout-flow wp-block-column-is-layout-flow\">\n<h2 class=\"wp-block-heading has-large-font-size\">Entre em contato<\/h2>\n\n\n\n<p style=\"margin-top:16px\">Preencha os dados do formul\u00e1rio ao lado para entrar em contato conosco, ou envie um email com sua d\u00favida, consulta ou solicita\u00e7\u00e3o para <a href=\"mailto:comercial@supriport.com.br\" target=\"_blank\" rel=\"noreferrer noopener\">comercial@supriport.com.br<\/a><\/p>\n<\/div>\n\n\n\n<div class=\"wp-block-column is-layout-flow wp-block-column-is-layout-flow\">\n<div class=\"wp-block-contact-form-7-contact-form-selector\">\n<div class=\"wpcf7 no-js\" id=\"wpcf7-f87-o1\" lang=\"pt-BR\" dir=\"ltr\" data-wpcf7-id=\"87\">\n<div class=\"screen-reader-response\"><p role=\"status\" aria-live=\"polite\" aria-atomic=\"true\"><\/p> <ul><\/ul><\/div>\n<form action=\"\/pt_br\/wp-json\/wp\/v2\/pages\/14#wpcf7-f87-o1\" method=\"post\" class=\"wpcf7-form init\" aria-label=\"Formul\u00e1rios de contato\" novalidate=\"novalidate\" data-status=\"init\">\n<fieldset class=\"hidden-fields-container\"><input type=\"hidden\" name=\"_wpcf7\" value=\"87\" \/><input type=\"hidden\" name=\"_wpcf7_version\" value=\"6.1.5\" \/><input type=\"hidden\" name=\"_wpcf7_locale\" value=\"pt_BR\" \/><input type=\"hidden\" name=\"_wpcf7_unit_tag\" value=\"wpcf7-f87-o1\" \/><input type=\"hidden\" name=\"_wpcf7_container_post\" value=\"0\" \/><input type=\"hidden\" name=\"_wpcf7_posted_data_hash\" value=\"\" \/>\n<\/fieldset>\n<p><label> Seu nome<br \/>\n<span class=\"wpcf7-form-control-wrap\" data-name=\"your-name\"><input size=\"40\" maxlength=\"400\" class=\"wpcf7-form-control wpcf7-text wpcf7-validates-as-required\" autocomplete=\"name\" aria-required=\"true\" aria-invalid=\"false\" value=\"\" type=\"text\" name=\"your-name\" \/><\/span> <\/label>\n<\/p>\n<p><label> Seu e-mail<br \/>\n<span class=\"wpcf7-form-control-wrap\" data-name=\"your-email\"><input size=\"40\" maxlength=\"400\" class=\"wpcf7-form-control wpcf7-email wpcf7-validates-as-required wpcf7-text wpcf7-validates-as-email\" autocomplete=\"email\" aria-required=\"true\" aria-invalid=\"false\" value=\"\" type=\"email\" name=\"your-email\" \/><\/span> <\/label>\n<\/p>\n<p><label> Assunto<br \/>\n<span class=\"wpcf7-form-control-wrap\" data-name=\"your-subject\"><input size=\"40\" maxlength=\"400\" class=\"wpcf7-form-control wpcf7-text wpcf7-validates-as-required\" aria-required=\"true\" aria-invalid=\"false\" value=\"\" type=\"text\" name=\"your-subject\" \/><\/span> <\/label>\n<\/p>\n<p><label> Sua mensagem (opcional)<br \/>\n<span class=\"wpcf7-form-control-wrap\" data-name=\"your-message\"><textarea cols=\"40\" rows=\"10\" maxlength=\"2000\" class=\"wpcf7-form-control wpcf7-textarea\" aria-invalid=\"false\" name=\"your-message\"><\/textarea><\/span> <\/label>\n<\/p>\n<p><input class=\"wpcf7-form-control wpcf7-submit has-spinner\" type=\"submit\" value=\"Enviar\" \/>\n<\/p><div class=\"wpcf7-response-output\" aria-hidden=\"true\"><\/div>\n<\/form>\n<\/div>\n<\/div>\n<\/div>\n<\/div>\n<\/div>\n\n\n\n<div class=\"wp-block-group alignfull has-tertiary-background-color has-background has-global-padding is-layout-constrained wp-container-core-group-is-layout-7276a2bb wp-block-group-is-layout-constrained\" style=\"margin-top:0;margin-bottom:0;padding-top:var(--wp--preset--spacing--60);padding-right:var(--wp--preset--spacing--30);padding-bottom:var(--wp--preset--spacing--60);padding-left:var(--wp--preset--spacing--30)\">\n<div class=\"wp-block-group alignwide has-global-padding is-content-justification-center is-layout-constrained wp-block-group-is-layout-constrained\" style=\"margin-bottom:var(--wp--preset--spacing--30)\">\n<h2 class=\"wp-block-heading alignwide has-text-align-center has-large-font-size\">Entre em contato com a Supriport Log\u00edstica e Servi\u00e7os Ltda.<\/h2>\n\n\n\n<p class=\"has-text-align-left\" style=\"margin-top:16px\">Preencha o formul\u00e1rio com seu nome, e-mail e mensagem para falar conosco rapidamente.<\/p>\n<\/div>\n\n\n\n<div class=\"wp-block-group has-global-padding is-layout-constrained wp-block-group-is-layout-constrained\" style=\"border-bottom-color:var(--wp--preset--color--tertiary);border-bottom-width:1px;margin-top:0;padding-top:var(--wp--preset--spacing--30);padding-bottom:var(--wp--preset--spacing--30)\">\n<h4 class=\"wp-block-heading has-medium-font-size\">Como posso consultar e\/ou solicitar servi\u00e7os e produtos da Supriport?<\/h4>\n\n\n\n<p class=\"has-small-font-size\" style=\"margin-top:12px\">Basta enviar sua solicita\u00e7\u00e3o pelo formul\u00e1rio acima ou entrar em contato pelo e-mail <a href=\"mailto:comercial@supriport.com.br\" target=\"_blank\" rel=\"noreferrer noopener\">comercial@supriport.com.br<\/a><\/p>\n\n\n\n<p class=\"has-small-font-size\" style=\"margin-top:12px\"><\/p>\n<\/div>\n\n\n\n<div class=\"wp-block-group has-global-padding is-layout-constrained wp-block-group-is-layout-constrained\" style=\"margin-top:0;padding-top:var(--wp--preset--spacing--30);padding-bottom:0\">\n<h4 class=\"wp-block-heading has-medium-font-size\">Nossa equipe entrar\u00e1 em contato com a maior brevidade poss\u00edvel.<\/h4>\n<\/div>\n<\/div>\n\n\n\n<h2 class=\"wp-block-heading alignfull has-text-align-center\">Solu\u00e7\u00f5es completas para log\u00edstica portu\u00e1ria e multimodal<\/h2>\n\n\n\n<p class=\"has-text-align-center\"><strong>Rua Enilda Mantovani Silva, 115<\/strong><\/p>\n\n\n\n<p class=\"has-text-align-center\" style=\"margin-top:0;margin-bottom:0\"><strong>Jardim Brit\u00e2nia &#8211; Caraguatatuba &#8211; SP &#8211; Brasil<\/strong><\/p>\n\n\n\n<p class=\"has-text-align-center has-small-font-size\" style=\"margin-top:8px\">+55-12-99724-1205<\/p>\n\n\n\n<p class=\"has-text-align-center\">comercial@supriport.com.br<\/p>\n\n\n\n<p class=\"has-text-align-center\"><a href=\"mailto:comercial@supriport.com.br\" target=\"_blank\" rel=\"noreferrer noopener\">Enviar e-mail<\/a><\/p>\n","protected":false},"excerpt":{"rendered":"<p>Entre em contato Preencha os dados do formul\u00e1rio ao lado para entrar em contato conosco, ou envie um email com sua d\u00favida, consulta ou solicita\u00e7\u00e3o para comercial@supriport.com.br Entre em contato com a Supriport Log\u00edstica e Servi\u00e7os Ltda. Preencha o formul\u00e1rio com seu nome, e-mail e mensagem para falar conosco rapidamente. Como posso consultar e\/ou solicitar [&hellip;]<\/p>\n","protected":false},"author":1,"featured_media":0,"parent":0,"menu_order":0,"comment_status":"closed","ping_status":"closed","template":"page-with-title","meta":{"footnotes":""},"class_list":["post-14","page","type-page","status-publish","hentry"],"_links":{"self":[{"href":"https:\/\/supriport.com.br\/pt_br\/wp-json\/wp\/v2\/pages\/14","targetHints":{"allow":["GET"]}}],"collection":[{"href":"https:\/\/supriport.com.br\/pt_br\/wp-json\/wp\/v2\/pages"}],"about":[{"href":"https:\/\/supriport.com.br\/pt_br\/wp-json\/wp\/v2\/types\/page"}],"author":[{"embeddable":true,"href":"https:\/\/supriport.com.br\/pt_br\/wp-json\/wp\/v2\/users\/1"}],"replies":[{"embeddable":true,"href":"https:\/\/supriport.com.br\/pt_br\/wp-json\/wp\/v2\/comments?post=14"}],"version-history":[{"count":11,"href":"https:\/\/supriport.com.br\/pt_br\/wp-json\/wp\/v2\/pages\/14\/revisions"}],"predecessor-version":[{"id":314,"href":"https:\/\/supriport.com.br\/pt_br\/wp-json\/wp\/v2\/pages\/14\/revisions\/314"}],"wp:attachment":[{"href":"https:\/\/supriport.com.br\/pt_br\/wp-json\/wp\/v2\/media?parent=14"}],"curies":[{"name":"wp","href":"https:\/\/api.w.org\/{rel}","templated":true}]}}