{"id":16,"date":"2025-07-21T15:38:49","date_gmt":"2025-07-21T15:38:49","guid":{"rendered":"https:\/\/supriport.com.br\/servicos\/"},"modified":"2025-10-29T16:28:41","modified_gmt":"2025-10-29T16:28:41","slug":"servicos","status":"publish","type":"page","link":"https:\/\/supriport.com.br\/en\/contato\/servicos\/","title":{"rendered":"Services"},"content":{"rendered":"<div class=\"wp-block-group alignfull has-background-background-color has-background has-global-padding is-layout-constrained wp-container-core-group-is-layout-7276a2bb wp-block-group-is-layout-constrained\" id=\"servicos\" style=\"border-top-width:1px;margin-top:0;margin-bottom:0;padding-top:var(--wp--preset--spacing--60);padding-right:var(--wp--preset--spacing--30);padding-bottom:var(--wp--preset--spacing--60);padding-left:var(--wp--preset--spacing--30)\">\n<div class=\"wp-block-group alignwide is-layout-flow wp-block-group-is-layout-flow\">\n<div class=\"wp-block-group alignwide has-global-padding is-content-justification-left is-layout-constrained wp-container-core-group-is-layout-8b4c372c wp-block-group-is-layout-constrained\">\n<h2 class=\"wp-block-heading alignwide has-large-font-size\">Complete and agile solutions in port and multimodal logistics, supply and commodity brokerage<\/h2>\n\n\n\n<p class=\"has-text-align-left\" style=\"margin-top:16px\">Explore our specialized services that guarantee efficiency and excellence for the port and commodities sector.<\/p>\n<\/div>\n<\/div>\n\n\n\n<div class=\"wp-block-columns alignwide is-layout-flex wp-container-core-columns-is-layout-28f84493 wp-block-columns-is-layout-flex\">\n<div class=\"wp-block-column is-layout-flow wp-block-column-is-layout-flow\" style=\"border-width:1px;padding-top:var(--wp--preset--spacing--30);padding-right:var(--wp--preset--spacing--30);padding-bottom:var(--wp--preset--spacing--30);padding-left:var(--wp--preset--spacing--30)\">\n<h3 class=\"wp-block-heading\" style=\"font-size:clamp(14px, 0.875rem + ((1vw - 3.2px) * 0.625), 20px);line-height:1.5\">Port logistics<\/h3>\n\n\n\n<p class=\"has-small-font-size\" style=\"margin-top:8px\">We operate cargo in the ports of S\u00e3o Sebasti\u00e3o-SP, Santos-SP, Suape-PE and Campana in Argentina (Terminal Euroamerica).<\/p>\n\n\n\n<p>Among the cargoes we handle are<\/p>\n\n\n\n<ul class=\"wp-block-list\">\n<li>Live Cattle<\/li>\n\n\n\n<li>Heavy vehicles and machinery<\/li>\n\n\n\n<li>Containers<\/li>\n\n\n\n<li>Special and Design Loads<\/li>\n\n\n\n<li>Solid bulk<\/li>\n\n\n\n<li>Steelmakers<\/li>\n\n\n\n<li>General cargo<\/li>\n<\/ul>\n\n\n\n<figure class=\"wp-block-image size-large\"><img loading=\"lazy\" decoding=\"async\" width=\"1024\" height=\"432\" src=\"https:\/\/supriport.com.br\/wp-content\/uploads\/2025\/09\/montagem-1-1024x432.png\" alt=\"\" class=\"wp-image-144\" srcset=\"https:\/\/supriport.com.br\/wp-content\/uploads\/2025\/09\/montagem-1-1024x432.png 1024w, https:\/\/supriport.com.br\/wp-content\/uploads\/2025\/09\/montagem-1-300x127.png 300w, https:\/\/supriport.com.br\/wp-content\/uploads\/2025\/09\/montagem-1-768x324.png 768w, https:\/\/supriport.com.br\/wp-content\/uploads\/2025\/09\/montagem-1-1536x649.png 1536w, https:\/\/supriport.com.br\/wp-content\/uploads\/2025\/09\/montagem-1-2048x865.png 2048w\" sizes=\"auto, (max-width: 1024px) 100vw, 1024px\" \/><\/figure>\n\n\n\n<figure class=\"wp-block-image size-large\"><img loading=\"lazy\" decoding=\"async\" width=\"1024\" height=\"576\" src=\"https:\/\/supriport.com.br\/wp-content\/uploads\/2025\/09\/05a90a38c83e011a921e4eb81ed52be2-1024x576.jpg\" alt=\"\" class=\"wp-image-235\" srcset=\"https:\/\/supriport.com.br\/wp-content\/uploads\/2025\/09\/05a90a38c83e011a921e4eb81ed52be2-1024x576.jpg 1024w, https:\/\/supriport.com.br\/wp-content\/uploads\/2025\/09\/05a90a38c83e011a921e4eb81ed52be2-300x169.jpg 300w, https:\/\/supriport.com.br\/wp-content\/uploads\/2025\/09\/05a90a38c83e011a921e4eb81ed52be2-768x432.jpg 768w, https:\/\/supriport.com.br\/wp-content\/uploads\/2025\/09\/05a90a38c83e011a921e4eb81ed52be2.jpg 1280w\" sizes=\"auto, (max-width: 1024px) 100vw, 1024px\" \/><\/figure>\n\n\n\n<figure class=\"wp-block-image size-full\"><img loading=\"lazy\" decoding=\"async\" width=\"1024\" height=\"768\" src=\"https:\/\/supriport.com.br\/wp-content\/uploads\/2025\/09\/DSC01578.jpg\" alt=\"\" class=\"wp-image-148\" srcset=\"https:\/\/supriport.com.br\/wp-content\/uploads\/2025\/09\/DSC01578.jpg 1024w, https:\/\/supriport.com.br\/wp-content\/uploads\/2025\/09\/DSC01578-300x225.jpg 300w, https:\/\/supriport.com.br\/wp-content\/uploads\/2025\/09\/DSC01578-768x576.jpg 768w\" sizes=\"auto, (max-width: 1024px) 100vw, 1024px\" \/><\/figure>\n\n\n\n<figure class=\"wp-block-image size-large\"><img loading=\"lazy\" decoding=\"async\" width=\"1024\" height=\"769\" src=\"https:\/\/supriport.com.br\/wp-content\/uploads\/2025\/09\/26-1024x769.jpg\" alt=\"\" class=\"wp-image-149\" srcset=\"https:\/\/supriport.com.br\/wp-content\/uploads\/2025\/09\/26-1024x769.jpg 1024w, https:\/\/supriport.com.br\/wp-content\/uploads\/2025\/09\/26-300x225.jpg 300w, https:\/\/supriport.com.br\/wp-content\/uploads\/2025\/09\/26-768x577.jpg 768w, https:\/\/supriport.com.br\/wp-content\/uploads\/2025\/09\/26.jpg 1280w\" sizes=\"auto, (max-width: 1024px) 100vw, 1024px\" \/><\/figure>\n<\/div>\n\n\n\n<div class=\"wp-block-column is-layout-flow wp-block-column-is-layout-flow\" style=\"border-width:1px;padding-top:var(--wp--preset--spacing--30);padding-right:var(--wp--preset--spacing--30);padding-bottom:var(--wp--preset--spacing--30);padding-left:var(--wp--preset--spacing--30)\">\n<h3 class=\"wp-block-heading\" style=\"font-size:clamp(14px, 0.875rem + ((1vw - 3.2px) * 0.625), 20px);line-height:1.5\">Supplies<\/h3>\n\n\n\n<p class=\"has-small-font-size\" style=\"margin-top:8px\">We guarantee an agile and safe supply of essential materials and equipment for ports and industries:<\/p>\n\n\n\n<ul class=\"wp-block-list\">\n<li>Forklift trucks<\/li>\n\n\n\n<li>Cranes<\/li>\n\n\n\n<li>Reach Stackers<\/li>\n\n\n\n<li>Tug Marsters and Roll Traillers<\/li>\n\n\n\n<li>Straps, cables, shackles and lifting materials<\/li>\n\n\n\n<li>Sacks, big bags and Marine Slings for solid bulk cargoes<\/li>\n<\/ul>\n\n\n\n<figure class=\"wp-block-image size-full\"><img loading=\"lazy\" decoding=\"async\" width=\"908\" height=\"797\" src=\"https:\/\/supriport.com.br\/wp-content\/uploads\/2025\/09\/webbing-sling-uses.jpg\" alt=\"\" class=\"wp-image-145\" srcset=\"https:\/\/supriport.com.br\/wp-content\/uploads\/2025\/09\/webbing-sling-uses.jpg 908w, https:\/\/supriport.com.br\/wp-content\/uploads\/2025\/09\/webbing-sling-uses-300x263.jpg 300w, https:\/\/supriport.com.br\/wp-content\/uploads\/2025\/09\/webbing-sling-uses-768x674.jpg 768w\" sizes=\"auto, (max-width: 908px) 100vw, 908px\" \/><\/figure>\n\n\n\n<figure class=\"wp-block-image size-large\"><img loading=\"lazy\" decoding=\"async\" width=\"1024\" height=\"512\" src=\"https:\/\/supriport.com.br\/wp-content\/uploads\/2025\/09\/E3l9qRmXMAMr3xA-1024x512.jpg\" alt=\"\" class=\"wp-image-146\" srcset=\"https:\/\/supriport.com.br\/wp-content\/uploads\/2025\/09\/E3l9qRmXMAMr3xA-1024x512.jpg 1024w, https:\/\/supriport.com.br\/wp-content\/uploads\/2025\/09\/E3l9qRmXMAMr3xA-300x150.jpg 300w, https:\/\/supriport.com.br\/wp-content\/uploads\/2025\/09\/E3l9qRmXMAMr3xA-768x384.jpg 768w, https:\/\/supriport.com.br\/wp-content\/uploads\/2025\/09\/E3l9qRmXMAMr3xA.jpg 1200w\" sizes=\"auto, (max-width: 1024px) 100vw, 1024px\" \/><\/figure>\n\n\n\n<figure class=\"wp-block-image size-full\"><img loading=\"lazy\" decoding=\"async\" width=\"640\" height=\"575\" src=\"https:\/\/supriport.com.br\/wp-content\/uploads\/2025\/09\/prodfoto_130.jpg\" alt=\"\" class=\"wp-image-147\" srcset=\"https:\/\/supriport.com.br\/wp-content\/uploads\/2025\/09\/prodfoto_130.jpg 640w, https:\/\/supriport.com.br\/wp-content\/uploads\/2025\/09\/prodfoto_130-300x270.jpg 300w\" sizes=\"auto, (max-width: 640px) 100vw, 640px\" \/><\/figure>\n<\/div>\n\n\n\n<div class=\"wp-block-column is-layout-flow wp-block-column-is-layout-flow\" style=\"border-width:1px;padding-top:var(--wp--preset--spacing--30);padding-right:var(--wp--preset--spacing--30);padding-bottom:var(--wp--preset--spacing--30);padding-left:var(--wp--preset--spacing--30)\">\n<h3 class=\"wp-block-heading\" style=\"font-size:clamp(14px, 0.875rem + ((1vw - 3.2px) * 0.625), 20px);line-height:1.5\">Commodities Intermediation<\/h3>\n\n\n\n<p class=\"has-small-font-size\" style=\"margin-top:8px\">We facilitate efficient negotiations for the purchase and sale of goods involving suppliers and buyers in various countries around the world, including a complete compliance service for your Buyer\/Supplier client. Hire this service by clicking <strong><a href=\"\/en\/COMPLIANCE\/\" target=\"_blank\" rel=\"noreferrer noopener\"><mark style=\"background-color:rgba(0, 0, 0, 0)\" class=\"has-inline-color has-primary-color\">here<\/mark><\/a><\/strong>.<\/p>\n\n\n\n<p>We are signatories to one of the most respected compliance companies in the commodities business (PHI Global Market SAS), adding enormous security to our commercial transactions involving commodities.<\/p>\n\n\n\n<p>Accept our NCNDA and benefit from our security in dealing with your commodities business by clicking here. <strong><a href=\"https:\/\/supriport.com.br\/en\/ncnda\/\" data-type=\"page\" data-id=\"108\" target=\"_blank\" rel=\"noreferrer noopener\"><mark style=\"background-color:rgba(0, 0, 0, 0)\" class=\"has-inline-color has-primary-color\">here<\/mark><\/a><\/strong>.<\/p>\n\n\n\n<p>Among the commodities we trade are:<\/p>\n\n\n\n<ul class=\"wp-block-list\">\n<li>Sugar (IC's and VHP's)<\/li>\n\n\n\n<li>Soy<\/li>\n\n\n\n<li>Corn<\/li>\n\n\n\n<li>Bauxite<\/li>\n\n\n\n<li>Silica sand<\/li>\n\n\n\n<li>Urea<\/li>\n\n\n\n<li>Fuels<\/li>\n\n\n\n<li>Frozen Chicken Cuts<\/li>\n<\/ul>\n\n\n\n<figure class=\"wp-block-image size-full\"><img loading=\"lazy\" decoding=\"async\" width=\"1024\" height=\"683\" src=\"https:\/\/supriport.com.br\/wp-content\/uploads\/2025\/09\/O-que-sao-commodities-e-porque-geram-impacto-1024x683-1.jpg\" alt=\"\" class=\"wp-image-150\" srcset=\"https:\/\/supriport.com.br\/wp-content\/uploads\/2025\/09\/O-que-sao-commodities-e-porque-geram-impacto-1024x683-1.jpg 1024w, https:\/\/supriport.com.br\/wp-content\/uploads\/2025\/09\/O-que-sao-commodities-e-porque-geram-impacto-1024x683-1-300x200.jpg 300w, https:\/\/supriport.com.br\/wp-content\/uploads\/2025\/09\/O-que-sao-commodities-e-porque-geram-impacto-1024x683-1-768x512.jpg 768w\" sizes=\"auto, (max-width: 1024px) 100vw, 1024px\" \/><\/figure>\n\n\n\n<figure class=\"wp-block-image size-large\"><img loading=\"lazy\" decoding=\"async\" width=\"1024\" height=\"571\" src=\"https:\/\/supriport.com.br\/wp-content\/uploads\/2025\/09\/IMG-20210321-WA0027-1024x571.jpg\" alt=\"\" class=\"wp-image-152\" srcset=\"https:\/\/supriport.com.br\/wp-content\/uploads\/2025\/09\/IMG-20210321-WA0027-1024x571.jpg 1024w, https:\/\/supriport.com.br\/wp-content\/uploads\/2025\/09\/IMG-20210321-WA0027-300x167.jpg 300w, https:\/\/supriport.com.br\/wp-content\/uploads\/2025\/09\/IMG-20210321-WA0027-768x428.jpg 768w, https:\/\/supriport.com.br\/wp-content\/uploads\/2025\/09\/IMG-20210321-WA0027.jpg 1238w\" sizes=\"auto, (max-width: 1024px) 100vw, 1024px\" \/><\/figure>\n<\/div>\n<\/div>\n\n\n\n<figure class=\"wp-block-image size-large\"><img loading=\"lazy\" decoding=\"async\" width=\"1024\" height=\"473\" src=\"https:\/\/supriport.com.br\/wp-content\/uploads\/2025\/09\/RED-montagem-2-1024x473.png\" alt=\"\" class=\"wp-image-138\" srcset=\"https:\/\/supriport.com.br\/wp-content\/uploads\/2025\/09\/RED-montagem-2-1024x473.png 1024w, https:\/\/supriport.com.br\/wp-content\/uploads\/2025\/09\/RED-montagem-2-300x139.png 300w, https:\/\/supriport.com.br\/wp-content\/uploads\/2025\/09\/RED-montagem-2-768x355.png 768w, https:\/\/supriport.com.br\/wp-content\/uploads\/2025\/09\/RED-montagem-2.png 1122w\" sizes=\"auto, (max-width: 1024px) 100vw, 1024px\" \/><\/figure>\n<\/div>\n\n\n\n<div class=\"wp-block-group alignfull has-tertiary-background-color has-background has-global-padding is-layout-constrained wp-container-core-group-is-layout-7276a2bb wp-block-group-is-layout-constrained\" style=\"border-top-width:1px;margin-top:0;margin-bottom:0;padding-top:var(--wp--preset--spacing--60);padding-right:var(--wp--preset--spacing--30);padding-bottom:var(--wp--preset--spacing--60);padding-left:var(--wp--preset--spacing--30)\">\n<div class=\"wp-block-group alignwide has-global-padding is-content-justification-center is-layout-constrained wp-block-group-is-layout-constrained\">\n<h2 class=\"wp-block-heading has-text-align-center has-large-font-size\">How we operate<\/h2>\n\n\n\n<p class=\"has-text-align-center\" style=\"margin-top:16px\"><\/p>\n<\/div>\n\n\n\n<div class=\"wp-block-columns alignwide is-layout-flex wp-container-core-columns-is-layout-d0846407 wp-block-columns-is-layout-flex\">\n<div class=\"wp-block-column is-layout-flow wp-block-column-is-layout-flow\">\n<div class=\"wp-block-group has-global-padding is-layout-constrained wp-container-core-group-is-layout-03abb0ef wp-block-group-is-layout-constrained\">\n<div class=\"wp-block-group has-background-color has-foreground-background-color has-text-color has-background has-link-color wp-elements-405cc3bf832f30c149604178c62844cf is-vertical is-content-justification-center is-layout-flex wp-container-core-group-is-layout-5da48540 wp-block-group-is-layout-flex\" style=\"border-radius:20rem;min-height:96px;padding-top:var(--wp--preset--spacing--20);padding-right:var(--wp--preset--spacing--20);padding-bottom:var(--wp--preset--spacing--20);padding-left:var(--wp--preset--spacing--20)\">\n<p style=\"font-size:clamp(1.188rem, 1.188rem + ((1vw - 0.2rem) * 1.153), 1.88rem);font-style:normal;font-weight:500\">1<\/p>\n<\/div>\n\n\n\n<h3 class=\"wp-block-heading has-text-align-center has-primary-color has-text-color has-link-color wp-elements-d541ef7c2f2307b107fae4d647d2edbc\" style=\"margin-top:24px;font-size:clamp(14px, 0.875rem + ((1vw - 3.2px) * 0.313), 17px);line-height:1\">Planning<\/h3>\n<\/div>\n\n\n\n<p class=\"has-text-align-center has-small-font-size\" style=\"margin-top:8px\">We define the client's needs and organize all the logistics for a safe and efficient start to the process.<\/p>\n<\/div>\n\n\n\n<div class=\"wp-block-column is-layout-flow wp-block-column-is-layout-flow\">\n<div class=\"wp-block-group has-global-padding is-layout-constrained wp-container-core-group-is-layout-03abb0ef wp-block-group-is-layout-constrained\">\n<div class=\"wp-block-group has-background-color has-foreground-background-color has-text-color has-background has-link-color wp-elements-b3ac100d08cb6b2f78b3a45bf79429d7 is-vertical is-content-justification-center is-layout-flex wp-container-core-group-is-layout-5da48540 wp-block-group-is-layout-flex\" style=\"border-radius:20rem;min-height:96px;padding-top:var(--wp--preset--spacing--20);padding-right:var(--wp--preset--spacing--20);padding-bottom:var(--wp--preset--spacing--20);padding-left:var(--wp--preset--spacing--20)\">\n<p style=\"font-size:clamp(1.188rem, 1.188rem + ((1vw - 0.2rem) * 1.153), 1.88rem);font-style:normal;font-weight:500\">2<\/p>\n<\/div>\n\n\n\n<h3 class=\"wp-block-heading has-text-align-center has-primary-color has-text-color has-link-color wp-elements-7438099dbb0b36c8c33203db5b082586\" style=\"margin-top:24px;font-size:clamp(14px, 0.875rem + ((1vw - 3.2px) * 0.313), 17px);line-height:1\">Execution<\/h3>\n<\/div>\n\n\n\n<p class=\"has-text-align-center has-small-font-size\" style=\"margin-top:8px\">We coordinate the provision of services, materials and the transportation of supplies, ensuring agility and control in every movement.<\/p>\n<\/div>\n\n\n\n<div class=\"wp-block-column is-layout-flow wp-block-column-is-layout-flow\">\n<div class=\"wp-block-group has-global-padding is-layout-constrained wp-container-core-group-is-layout-03abb0ef wp-block-group-is-layout-constrained\">\n<div class=\"wp-block-group has-border-color has-tertiary-border-color has-background-color has-foreground-background-color has-text-color has-background has-link-color wp-elements-7f2641ce2fcfce73982d67a6b941939c is-vertical is-content-justification-center is-layout-flex wp-container-core-group-is-layout-5da48540 wp-block-group-is-layout-flex\" style=\"border-width:1px;border-radius:20rem;min-height:96px;padding-top:var(--wp--preset--spacing--20);padding-right:var(--wp--preset--spacing--20);padding-bottom:var(--wp--preset--spacing--20);padding-left:var(--wp--preset--spacing--20)\">\n<p style=\"font-size:clamp(1.188rem, 1.188rem + ((1vw - 0.2rem) * 1.153), 1.88rem);font-style:normal;font-weight:500\">3<\/p>\n<\/div>\n\n\n\n<h3 class=\"wp-block-heading has-text-align-center has-primary-color has-text-color has-link-color wp-elements-9f0e60119729c7e6456779802b863541\" style=\"margin-top:24px;font-size:clamp(14px, 0.875rem + ((1vw - 3.2px) * 0.313), 17px);line-height:1\">Finalization<\/h3>\n<\/div>\n\n\n\n<p class=\"has-text-align-center has-small-font-size\" style=\"margin-top:8px\">We carry out the delivery and final check, ensuring total satisfaction and efficient completion of the service and the quality of our machines, equipment and supplies.<\/p>\n<\/div>\n<\/div>\n<\/div>\n\n\n\n<div class=\"wp-block-group alignfull has-background-background-color has-background has-global-padding is-layout-constrained wp-container-core-group-is-layout-b8f1cce0 wp-block-group-is-layout-constrained\" id=\"depoimentos\" style=\"border-top-width:1px;margin-top:0;margin-bottom:0;padding-top:0;padding-right:var(--wp--preset--spacing--30);padding-bottom:0;padding-left:var(--wp--preset--spacing--30)\"><\/div>","protected":false},"excerpt":{"rendered":"<p>Solu\u00e7\u00f5es completas e \u00e1geis em log\u00edstica portu\u00e1ria e multimodal, fornecimento de suprimentos e intermedia\u00e7ao de commodities Explore nossos servi\u00e7os especializados que garantem efici\u00eancia e excel\u00eancia para o setor portu\u00e1rio e de commodities. Log\u00edstica Portu\u00e1ria Operamos cargas nos portos de S\u00e3o Sebasti\u00e3o-SP, Santos-SP, Suape-PE e em Campana na Argentina (Terminal Euroamerica). Entre as cargas que movimentamos, [&hellip;]<\/p>","protected":false},"author":1,"featured_media":0,"parent":14,"menu_order":0,"comment_status":"closed","ping_status":"closed","template":"page-with-title","meta":{"footnotes":""},"class_list":["post-16","page","type-page","status-publish","hentry"],"_links":{"self":[{"href":"https:\/\/supriport.com.br\/en\/wp-json\/wp\/v2\/pages\/16","targetHints":{"allow":["GET"]}}],"collection":[{"href":"https:\/\/supriport.com.br\/en\/wp-json\/wp\/v2\/pages"}],"about":[{"href":"https:\/\/supriport.com.br\/en\/wp-json\/wp\/v2\/types\/page"}],"author":[{"embeddable":true,"href":"https:\/\/supriport.com.br\/en\/wp-json\/wp\/v2\/users\/1"}],"replies":[{"embeddable":true,"href":"https:\/\/supriport.com.br\/en\/wp-json\/wp\/v2\/comments?post=16"}],"version-history":[{"count":11,"href":"https:\/\/supriport.com.br\/en\/wp-json\/wp\/v2\/pages\/16\/revisions"}],"predecessor-version":[{"id":262,"href":"https:\/\/supriport.com.br\/en\/wp-json\/wp\/v2\/pages\/16\/revisions\/262"}],"up":[{"embeddable":true,"href":"https:\/\/supriport.com.br\/en\/wp-json\/wp\/v2\/pages\/14"}],"wp:attachment":[{"href":"https:\/\/supriport.com.br\/en\/wp-json\/wp\/v2\/media?parent=16"}],"curies":[{"name":"wp","href":"https:\/\/api.w.org\/{rel}","templated":true}]}}