{"id":13,"date":"2025-07-21T15:38:48","date_gmt":"2025-07-21T15:38:48","guid":{"rendered":"https:\/\/supriport.com.br\/sobre\/"},"modified":"2025-10-29T16:25:04","modified_gmt":"2025-10-29T16:25:04","slug":"sobre","status":"publish","type":"page","link":"https:\/\/supriport.com.br\/en\/sobre\/","title":{"rendered":"About"},"content":{"rendered":"<div class=\"wp-block-group alignfull has-background-background-color has-background has-global-padding is-layout-constrained wp-container-core-group-is-layout-7d1597ee wp-block-group-is-layout-constrained\" id=\"sobre\" style=\"border-top-width:1px;margin-top:0;margin-bottom:0;padding-top:var(--wp--preset--spacing--60);padding-right:0;padding-bottom:var(--wp--preset--spacing--60);padding-left:0\">\n<div class=\"wp-block-columns alignwide is-layout-flex wp-container-core-columns-is-layout-d0bbbce0 wp-block-columns-is-layout-flex\">\n<div class=\"wp-block-column is-layout-flow wp-block-column-is-layout-flow\">\n<figure class=\"wp-block-image size-large\"><img loading=\"lazy\" decoding=\"async\" width=\"1024\" height=\"576\" src=\"https:\/\/supriport.com.br\/wp-content\/uploads\/2025\/09\/RED-quem-somos-1-1024x576.png\" alt=\"\" class=\"wp-image-200\" srcset=\"https:\/\/supriport.com.br\/wp-content\/uploads\/2025\/09\/RED-quem-somos-1-1024x576.png 1024w, https:\/\/supriport.com.br\/wp-content\/uploads\/2025\/09\/RED-quem-somos-1-300x169.png 300w, https:\/\/supriport.com.br\/wp-content\/uploads\/2025\/09\/RED-quem-somos-1-768x432.png 768w, https:\/\/supriport.com.br\/wp-content\/uploads\/2025\/09\/RED-quem-somos-1-1536x863.png 1536w, https:\/\/supriport.com.br\/wp-content\/uploads\/2025\/09\/RED-quem-somos-1-2048x1151.png 2048w\" sizes=\"auto, (max-width: 1024px) 100vw, 1024px\" \/><\/figure>\n\n\n\n<figure class=\"wp-block-image size-large\"><img loading=\"lazy\" decoding=\"async\" width=\"1024\" height=\"576\" src=\"https:\/\/supriport.com.br\/wp-content\/uploads\/2025\/09\/historia-1-1024x576.png\" alt=\"\" class=\"wp-image-198\" srcset=\"https:\/\/supriport.com.br\/wp-content\/uploads\/2025\/09\/historia-1-1024x576.png 1024w, https:\/\/supriport.com.br\/wp-content\/uploads\/2025\/09\/historia-1-300x169.png 300w, https:\/\/supriport.com.br\/wp-content\/uploads\/2025\/09\/historia-1-768x432.png 768w, https:\/\/supriport.com.br\/wp-content\/uploads\/2025\/09\/historia-1-1536x864.png 1536w, https:\/\/supriport.com.br\/wp-content\/uploads\/2025\/09\/historia-1-2048x1152.png 2048w\" sizes=\"auto, (max-width: 1024px) 100vw, 1024px\" \/><\/figure>\n<\/div>\n<\/div>\n<\/div>\n\n\n\n<h2 class=\"wp-block-heading alignfull has-text-align-left\"><span style=\"color: #ffffff;\">&#8230;<\/span>\nOur goal is excellence in everything we do<\/h2>\n\n\n\n<div class=\"wp-block-group alignfull has-background-background-color has-background has-global-padding is-layout-constrained wp-container-core-group-is-layout-b8f1cce0 wp-block-group-is-layout-constrained\" id=\"depoimentos\" style=\"border-top-width:1px;margin-top:0;margin-bottom:0;padding-top:0;padding-right:var(--wp--preset--spacing--30);padding-bottom:0;padding-left:var(--wp--preset--spacing--30)\">\n<figure class=\"wp-block-image alignleft size-large\"><img loading=\"lazy\" decoding=\"async\" width=\"1024\" height=\"576\" src=\"https:\/\/supriport.com.br\/wp-content\/uploads\/2025\/09\/cone-1024x576.png\" alt=\"\" class=\"wp-image-201\" srcset=\"https:\/\/supriport.com.br\/wp-content\/uploads\/2025\/09\/cone-1024x576.png 1024w, https:\/\/supriport.com.br\/wp-content\/uploads\/2025\/09\/cone-300x169.png 300w, https:\/\/supriport.com.br\/wp-content\/uploads\/2025\/09\/cone-768x432.png 768w\" sizes=\"auto, (max-width: 1024px) 100vw, 1024px\" \/><\/figure>\n<\/div>\n\n\n\n<p><\/p>\n\n\n\n<p>We provide the complete Compliance Service for your Buyer\/Supplier client. Contract this service by clicking <strong><a href=\"\/en\/COMPLIANCE\/\" target=\"_blank\" rel=\"noreferrer noopener\"><mark style=\"background-color:rgba(0, 0, 0, 0)\" class=\"has-inline-color has-primary-color\">here<\/mark><\/a><\/strong>.<\/p>\n\n\n\n<p><\/p>","protected":false},"excerpt":{"rendered":"<p>&#8230; Nosso Objetivo \u00e9 a Excel\u00eancia em tudo que fazemos Fornecemos o Servi\u00e7o de Compliance completo de seu cliente Comprador\/Fornecedor. Contrate esse Servi\u00e7o clicando aqui.<\/p>","protected":false},"author":1,"featured_media":0,"parent":0,"menu_order":0,"comment_status":"closed","ping_status":"closed","template":"page-with-title","meta":{"footnotes":""},"class_list":["post-13","page","type-page","status-publish","hentry"],"_links":{"self":[{"href":"https:\/\/supriport.com.br\/en\/wp-json\/wp\/v2\/pages\/13","targetHints":{"allow":["GET"]}}],"collection":[{"href":"https:\/\/supriport.com.br\/en\/wp-json\/wp\/v2\/pages"}],"about":[{"href":"https:\/\/supriport.com.br\/en\/wp-json\/wp\/v2\/types\/page"}],"author":[{"embeddable":true,"href":"https:\/\/supriport.com.br\/en\/wp-json\/wp\/v2\/users\/1"}],"replies":[{"embeddable":true,"href":"https:\/\/supriport.com.br\/en\/wp-json\/wp\/v2\/comments?post=13"}],"version-history":[{"count":16,"href":"https:\/\/supriport.com.br\/en\/wp-json\/wp\/v2\/pages\/13\/revisions"}],"predecessor-version":[{"id":260,"href":"https:\/\/supriport.com.br\/en\/wp-json\/wp\/v2\/pages\/13\/revisions\/260"}],"wp:attachment":[{"href":"https:\/\/supriport.com.br\/en\/wp-json\/wp\/v2\/media?parent=13"}],"curies":[{"name":"wp","href":"https:\/\/api.w.org\/{rel}","templated":true}]}}