{"id":269,"date":"2025-10-29T16:47:36","date_gmt":"2025-10-29T16:47:36","guid":{"rendered":"https:\/\/supriport.com.br\/?page_id=269"},"modified":"2025-10-29T19:47:49","modified_gmt":"2025-10-29T19:47:49","slug":"compliance","status":"publish","type":"page","link":"http:\/\/supriport.com.br\/pt_br\/compliance\/","title":{"rendered":"COMPLIANCE E CONFORMIDADES"},"content":{"rendered":"\n<div class=\"wp-block-columns is-layout-flex wp-container-core-columns-is-layout-28f84493 wp-block-columns-is-layout-flex\">\n<div class=\"wp-block-column is-layout-flow wp-block-column-is-layout-flow\" style=\"flex-basis:100%\">\n<div class=\"wp-block-group alignwide is-nowrap is-layout-flex wp-container-core-group-is-layout-6c531013 wp-block-group-is-layout-flex\">\n<div class=\"wp-block-group has-global-padding is-layout-constrained wp-block-group-is-layout-constrained\">\n<h2 class=\"wp-block-heading has-large-font-size\">Nosso Servi\u00e7o de Compliance<\/h2>\n\n\n\n<figure class=\"wp-block-image alignright size-full is-resized\"><img loading=\"lazy\" decoding=\"async\" width=\"591\" height=\"382\" src=\"https:\/\/supriport.com.br\/wp-content\/uploads\/2025\/10\/red-OMC-ICC-3.png\" alt=\"\" class=\"wp-image-294\" style=\"width:296px;height:auto\" srcset=\"https:\/\/supriport.com.br\/wp-content\/uploads\/2025\/10\/red-OMC-ICC-3.png 591w, https:\/\/supriport.com.br\/wp-content\/uploads\/2025\/10\/red-OMC-ICC-3-300x194.png 300w\" sizes=\"auto, (max-width: 591px) 100vw, 591px\" \/><\/figure>\n\n\n\n<p><\/p>\n\n\n\n<p style=\"margin-top:16px\">Conhe\u00e7a como auxiliamos compradores e fornecedores a seguir normas regulat\u00f3rias e garantir conformidade e seguran\u00e7a em sua tocada de neg\u00f3cios com Commodities.<\/p>\n<\/div>\n<\/div>\n<\/div>\n<\/div>\n\n\n\n<div class=\"wp-block-columns is-layout-flex wp-container-core-columns-is-layout-28f84493 wp-block-columns-is-layout-flex\">\n<div class=\"wp-block-column is-layout-flow wp-block-column-is-layout-flow\"><\/div>\n<\/div>\n\n\n\n<div class=\"wp-block-columns alignwide is-layout-flex wp-container-core-columns-is-layout-08c01c1c wp-block-columns-is-layout-flex\">\n<div class=\"wp-block-column is-layout-flow wp-block-column-is-layout-flow\"><\/div>\n<\/div>\n\n\n\n<div class=\"wp-block-group alignfull has-tertiary-background-color has-background has-global-padding is-layout-constrained wp-container-core-group-is-layout-7276a2bb wp-block-group-is-layout-constrained\" style=\"margin-top:0;margin-bottom:0;padding-top:var(--wp--preset--spacing--60);padding-right:var(--wp--preset--spacing--30);padding-bottom:var(--wp--preset--spacing--60);padding-left:var(--wp--preset--spacing--30)\">\n<div class=\"wp-block-columns alignwide is-layout-flex wp-container-core-columns-is-layout-28f84493 wp-block-columns-is-layout-flex\">\n<div class=\"wp-block-column is-layout-flow wp-container-core-column-is-layout-119bc444 wp-block-column-is-layout-flow\">\n<h2 class=\"wp-block-heading has-large-font-size\">Como Garantimos Conformidade<\/h2>\n\n\n\n<p style=\"margin-top:16px\">Nosso m\u00e9todo para auxiliar compradores e fornecedores a cumprir rigorosamente as normas regulat\u00f3rias, garantindo seguran\u00e7a e transpar\u00eancia \u00e9 fazer um levantamento completo dos dados da empresa e\/ou pessoa f\u00edsica indicada junto a \u00f3rg\u00e3os e mecanismos oficiais em todo o mundo, para captar o maior n\u00famero de informa\u00e7\u00f5es que auxiliem nosso cliente a decidir sobre a idoneidade do seu cliente Comprador ou Fornecedor.<\/p>\n<\/div>\n\n\n\n<div class=\"wp-block-column is-layout-flow wp-container-core-column-is-layout-8a368f38 wp-block-column-is-layout-flow\">\n<div class=\"wp-block-columns is-layout-flex wp-container-core-columns-is-layout-28f84493 wp-block-columns-is-layout-flex\">\n<div class=\"wp-block-column is-vertically-aligned-stretch is-layout-flow wp-container-core-column-is-layout-8a368f38 wp-block-column-is-layout-flow\" style=\"flex-basis:48px\">\n<div class=\"wp-block-group has-global-padding is-layout-constrained wp-container-core-group-is-layout-4b2ef9fa wp-block-group-is-layout-constrained\">\n<div class=\"wp-block-group is-vertical is-content-justification-center is-nowrap is-layout-flex wp-container-core-group-is-layout-22bbd74c wp-block-group-is-layout-flex\" style=\"border-width:1px;border-radius:20rem;min-height:48px;padding-top:var(--wp--preset--spacing--20);padding-right:var(--wp--preset--spacing--20);padding-bottom:var(--wp--preset--spacing--20);padding-left:var(--wp--preset--spacing--20)\">\n<p class=\"has-small-font-size\" style=\"font-style:normal;font-weight:500;line-height:1\">1<\/p>\n<\/div>\n<\/div>\n\n\n\n<div class=\"wp-block-group has-global-padding is-layout-constrained wp-container-core-group-is-layout-aeac42b8 wp-block-group-is-layout-constrained\" style=\"min-height:100%\">\n<div class=\"wp-block-group has-foreground-background-color has-background is-vertical is-layout-flex wp-container-core-group-is-layout-2be940f7 wp-block-group-is-layout-flex\" style=\"min-height:100%;padding-top:0;padding-right:0.03rem;padding-bottom:0;padding-left:0.03rem\">\n<div style=\"height:0px\" aria-hidden=\"true\" class=\"wp-block-spacer wp-container-content-759e20a8\"><\/div>\n<\/div>\n<\/div>\n<\/div>\n\n\n\n<div class=\"wp-block-column is-layout-flow wp-block-column-is-layout-flow\">\n<h3 class=\"wp-block-heading\" style=\"font-size:clamp(0.984rem, 0.984rem + ((1vw - 0.2rem) * 0.86), 1.5rem);line-height:1.5\">Passo Um: Diagn\u00f3stico Inicial<\/h3>\n\n\n\n<p class=\"has-small-font-size\" style=\"margin-top:8px\">Sobre os dados da empresa\/pessoa f\u00edsica informados, realizamos uma an\u00e1lise detalhada das suas pr\u00e1ticas atuais para identificar riscos no cumprimento das normas internacionais ligadas ao mercado de Commodities.<\/p>\n<\/div>\n<\/div>\n\n\n\n<div class=\"wp-block-columns is-layout-flex wp-container-core-columns-is-layout-28f84493 wp-block-columns-is-layout-flex\">\n<div class=\"wp-block-column is-vertically-aligned-stretch is-layout-flow wp-container-core-column-is-layout-8a368f38 wp-block-column-is-layout-flow\" style=\"flex-basis:48px\">\n<div class=\"wp-block-group has-global-padding is-layout-constrained wp-container-core-group-is-layout-4b2ef9fa wp-block-group-is-layout-constrained\">\n<div class=\"wp-block-group is-vertical is-content-justification-center is-nowrap is-layout-flex wp-container-core-group-is-layout-22bbd74c wp-block-group-is-layout-flex\" style=\"border-width:1px;border-radius:20rem;min-height:48px;padding-top:var(--wp--preset--spacing--20);padding-right:var(--wp--preset--spacing--20);padding-bottom:var(--wp--preset--spacing--20);padding-left:var(--wp--preset--spacing--20)\">\n<p class=\"has-small-font-size\" style=\"font-style:normal;font-weight:500;line-height:1\">2<\/p>\n<\/div>\n<\/div>\n\n\n\n<div class=\"wp-block-group has-global-padding is-layout-constrained wp-container-core-group-is-layout-aeac42b8 wp-block-group-is-layout-constrained\" style=\"min-height:100%\">\n<div class=\"wp-block-group has-foreground-background-color has-background has-global-padding is-layout-constrained wp-container-core-group-is-layout-d9cda1d1 wp-block-group-is-layout-constrained\" style=\"min-height:100%;padding-top:0;padding-right:0.03rem;padding-bottom:0;padding-left:0.03rem\">\n<div style=\"height:100px\" aria-hidden=\"true\" class=\"wp-block-spacer\"><\/div>\n<\/div>\n<\/div>\n<\/div>\n\n\n\n<div class=\"wp-block-column is-layout-flow wp-block-column-is-layout-flow\">\n<p><\/p>\n\n\n\n<h3 class=\"wp-block-heading\" style=\"font-size:clamp(0.984rem, 0.984rem + ((1vw - 0.2rem) * 0.86), 1.5rem);line-height:1.5\">Passo Dois: Relat\u00f3rio Detalhado<\/h3>\n\n\n\n<p class=\"has-small-font-size\" style=\"margin-top:8px\">Emitimos um Relat\u00f3rio Detalhado de nosso levantamento e enviamos ao cliente solicitante, em Ingl\u00eas e Portugu\u00eas.<\/p>\n<\/div>\n<\/div>\n\n\n\n<div class=\"wp-block-columns is-layout-flex wp-container-core-columns-is-layout-28f84493 wp-block-columns-is-layout-flex\">\n<div class=\"wp-block-column is-vertically-aligned-stretch is-layout-flow wp-container-core-column-is-layout-8a368f38 wp-block-column-is-layout-flow\" style=\"flex-basis:48px\">\n<div class=\"wp-block-group has-global-padding is-layout-constrained wp-container-core-group-is-layout-4b2ef9fa wp-block-group-is-layout-constrained\">\n<div class=\"wp-block-group is-vertical is-content-justification-center is-nowrap is-layout-flex wp-container-core-group-is-layout-22bbd74c wp-block-group-is-layout-flex\" style=\"border-width:1px;border-radius:20rem;min-height:48px;padding-top:var(--wp--preset--spacing--20);padding-right:var(--wp--preset--spacing--20);padding-bottom:var(--wp--preset--spacing--20);padding-left:var(--wp--preset--spacing--20)\">\n<p class=\"has-small-font-size\" style=\"font-style:normal;font-weight:500;line-height:1\">3<\/p>\n<\/div>\n<\/div>\n<\/div>\n\n\n\n<div class=\"wp-block-column is-layout-flow wp-block-column-is-layout-flow\">\n<p><\/p>\n\n\n\n<h3 class=\"wp-block-heading\" style=\"font-size:clamp(0.984rem, 0.984rem + ((1vw - 0.2rem) * 0.86), 1.5rem);line-height:1.5\">Passo Tr\u00eas: Sugest\u00f5es de Seguran\u00e7a<\/h3>\n\n\n\n<p class=\"has-small-font-size\" style=\"margin-top:8px\">Em nosso Relat\u00f3rio, sugerimos a\u00e7\u00f5es a serem tomadas para garantir a seguran\u00e7a nas negocia\u00e7\u00f5es envolvendo o alvo do Compliance, de forma que nosso cliente possa decidir com seguran\u00e7a e embasamento o caminho a seguir com rela\u00e7\u00e3o \u00e0s informa\u00e7\u00f5es apresentadas.<\/p>\n<\/div>\n<\/div>\n<\/div>\n<\/div>\n<\/div>\n\n\n\n<div class=\"wp-block-group alignfull has-background-background-color has-background has-global-padding is-layout-constrained wp-container-core-group-is-layout-254d6575 wp-block-group-is-layout-constrained\" style=\"margin-top:0;margin-bottom:0;padding-top:var(--wp--preset--spacing--60);padding-right:var(--wp--preset--spacing--30);padding-bottom:var(--wp--preset--spacing--60);padding-left:var(--wp--preset--spacing--30)\">\n<div class=\"wp-block-group alignwide is-vertical is-layout-flex wp-container-core-group-is-layout-fe9cc265 wp-block-group-is-layout-flex\">\n<div class=\"wp-block-group alignwide has-global-padding is-content-justification-left is-layout-constrained wp-container-core-group-is-layout-8b4c372c wp-block-group-is-layout-constrained\">\n<h2 class=\"wp-block-heading has-text-align-left has-large-font-size\">Nossos Pacotes de Compliance<\/h2>\n\n\n\n<p class=\"has-text-align-left\" style=\"margin-top:16px\">Conhe\u00e7a nossos pacotes de Compliance, com pre\u00e7os competitivos e benef\u00edcios claros para sua empresa.<\/p>\n<\/div>\n<\/div>\n\n\n\n<div class=\"wp-block-columns alignwide is-layout-flex wp-container-core-columns-is-layout-e1fea541 wp-block-columns-is-layout-flex\" style=\"margin-top:var(--wp--preset--spacing--50)\">\n<div class=\"wp-block-column has-tertiary-background-color has-background is-layout-flow wp-block-column-is-layout-flow\">\n<div class=\"wp-block-group has-global-padding is-layout-constrained wp-container-core-group-is-layout-23b1a4dc wp-block-group-is-layout-constrained\" style=\"padding-top:var(--wp--preset--spacing--30);padding-right:var(--wp--preset--spacing--30);padding-bottom:var(--wp--preset--spacing--30);padding-left:var(--wp--preset--spacing--30)\">\n<div class=\"wp-block-group is-nowrap is-layout-flex wp-container-core-group-is-layout-95a63314 wp-block-group-is-layout-flex\" style=\"border-bottom-color:var(--wp--preset--color--foreground);border-bottom-width:1px;padding-bottom:var(--wp--preset--spacing--30)\">\n<div class=\"wp-block-group has-global-padding is-layout-constrained wp-block-group-is-layout-constrained\">\n<h3 class=\"wp-block-heading has-text-align-left\" style=\"margin-top:16px;font-size:1.50rem\">Spot<\/h3>\n<\/div>\n\n\n\n<h3 class=\"wp-block-heading has-text-align-right\" style=\"margin-top:12px;font-size:1.5rem;font-style:normal;font-weight:400\">USD 150,00<\/h3>\n<\/div>\n\n\n\n<p class=\"has-small-font-size\" style=\"margin-top:var(--wp--preset--spacing--30)\">Inclui an\u00e1lise completa de conformidades e orienta\u00e7\u00f5es iniciais, com ou sem a realiza\u00e7\u00e3o de Due Diligence, que \u00e9 cobrada \u00e0 parte.<\/p>\n\n\n\n<p>Esse pacote \u00e9 para Consultas Spot.<\/p>\n\n\n\n<div class=\"wp-block-buttons is-layout-flex wp-block-buttons-is-layout-flex\" style=\"margin-top:var(--wp--preset--spacing--40)\"><\/div>\n<\/div>\n<\/div>\n\n\n\n<div class=\"wp-block-column has-tertiary-background-color has-background is-layout-flow wp-block-column-is-layout-flow\">\n<div class=\"wp-block-group has-global-padding is-layout-constrained wp-container-core-group-is-layout-23b1a4dc wp-block-group-is-layout-constrained\" style=\"padding-top:var(--wp--preset--spacing--30);padding-right:var(--wp--preset--spacing--30);padding-bottom:var(--wp--preset--spacing--30);padding-left:var(--wp--preset--spacing--30)\">\n<div class=\"wp-block-group is-content-justification-space-between is-nowrap is-layout-flex wp-container-core-group-is-layout-707e8540 wp-block-group-is-layout-flex\" style=\"border-bottom-color:var(--wp--preset--color--foreground);border-bottom-width:1px;padding-bottom:var(--wp--preset--spacing--30)\">\n<div class=\"wp-block-group has-global-padding is-layout-constrained wp-block-group-is-layout-constrained\">\n<h3 class=\"wp-block-heading has-text-align-left\" style=\"margin-top:16px;font-size:1.50rem\">Mensal<\/h3>\n<\/div>\n\n\n\n<h3 class=\"wp-block-heading has-text-align-right\" style=\"margin-top:12px;font-size:1.5rem;font-style:normal;font-weight:400\">USD 600,00<\/h3>\n<\/div>\n\n\n\n<p class=\"has-small-font-size\" style=\"margin-top:var(--wp--preset--spacing--30)\">Inclui an\u00e1lise completa de conformidades e orienta\u00e7\u00f5es iniciais com ou sem a realiza\u00e7\u00e3o de Due Diligence, que \u00e9 cobrada \u00e0 parte.<\/p>\n\n\n\n<p>Esse pacote prev\u00ea um m\u00e1ximo de 10 Consultas por m\u00eas<\/p>\n\n\n\n<p>Consultas de excedam ao n\u00famero previsto no pacote, ser\u00e3o cobradas como Spot com Desconto de 25% no valor.<\/p>\n\n\n\n<div class=\"wp-block-buttons is-layout-flex wp-block-buttons-is-layout-flex\" style=\"margin-top:var(--wp--preset--spacing--40)\"><\/div>\n<\/div>\n<\/div>\n\n\n\n<div class=\"wp-block-column has-tertiary-background-color has-background is-layout-flow wp-block-column-is-layout-flow\">\n<div class=\"wp-block-group has-global-padding is-layout-constrained wp-container-core-group-is-layout-23b1a4dc wp-block-group-is-layout-constrained\" style=\"padding-top:var(--wp--preset--spacing--30);padding-right:var(--wp--preset--spacing--30);padding-bottom:var(--wp--preset--spacing--30);padding-left:var(--wp--preset--spacing--30)\">\n<div class=\"wp-block-group is-content-justification-space-between is-nowrap is-layout-flex wp-container-core-group-is-layout-707e8540 wp-block-group-is-layout-flex\" style=\"border-bottom-color:var(--wp--preset--color--foreground);border-bottom-width:1px;padding-bottom:var(--wp--preset--spacing--30)\">\n<div class=\"wp-block-group has-global-padding is-layout-constrained wp-block-group-is-layout-constrained\">\n<h3 class=\"wp-block-heading has-text-align-left\" style=\"margin-top:16px;font-size:1.50rem\">Anual<\/h3>\n<\/div>\n\n\n\n<h3 class=\"wp-block-heading has-text-align-right\" style=\"margin-top:12px;font-size:1.5rem;font-style:normal;font-weight:400\">USD 4.320,00<\/h3>\n<\/div>\n\n\n\n<p class=\"has-small-font-size\" style=\"margin-top:var(--wp--preset--spacing--30)\">Inclui an\u00e1lise completa de conformidades e orienta\u00e7\u00f5es iniciais, com ou sem a realiza\u00e7\u00e3o de Due Diligence, que \u00e9 cobrada \u00e0 parte.<\/p>\n\n\n\n<p>Esse pacote prev\u00ea um m\u00e1ximo de 15 Consultas por m\u00eas.<\/p>\n\n\n\n<p>Consultas de excedam ao n\u00famero previsto no pacote, ser\u00e3o cobradas como Spot com desconto de 50% no valor.<\/p>\n\n\n\n<div class=\"wp-block-buttons is-layout-flex wp-block-buttons-is-layout-flex\" style=\"margin-top:var(--wp--preset--spacing--40)\"><\/div>\n<\/div>\n<\/div>\n<\/div>\n\n\n\n<p>Nosso Servi\u00e7o de Due Dilgence \u00e9 realizado com verifica\u00e7\u00e3o f\u00edsica e documental no(s) endere\u00e7o(s) fornecidos pelo solicitante ou levantados durante nosso Compliance.<\/p>\n\n\n\n<p>Para Servi\u00e7os de Due Diligence realizados em Territ\u00f3rio Brasileiro, ser\u00e1 cobrado o valor adicional de USD 350,00 por dilig\u00eancia.<\/p>\n\n\n\n<p>Para Servi\u00e7os de Due Diligence realizados no Exterior, ser\u00e1 cobrado o valor adicional de USD 1.100,00 por dilig\u00eancia.<\/p>\n\n\n\n<p>Obs.: Pacotes ANUAIS ter\u00e3o direito a 01 Due Diligence anual, sem cobran\u00e7as adicionais.<\/p>\n<\/div>\n\n\n\n<div class=\"wp-block-group alignfull has-tertiary-background-color has-background has-global-padding is-layout-constrained wp-container-core-group-is-layout-7276a2bb wp-block-group-is-layout-constrained\" style=\"margin-top:0;margin-bottom:0;padding-top:var(--wp--preset--spacing--60);padding-right:var(--wp--preset--spacing--30);padding-bottom:var(--wp--preset--spacing--60);padding-left:var(--wp--preset--spacing--30)\">\n<div class=\"wp-block-columns alignwide has-background-background-color has-background is-layout-flex wp-container-core-columns-is-layout-7c9548a8 wp-block-columns-is-layout-flex\" style=\"padding-top:0;padding-right:0;padding-bottom:0;padding-left:0\">\n<div class=\"wp-block-column is-vertically-aligned-center is-layout-flow wp-block-column-is-layout-flow\" style=\"flex-basis:40%\">\n<div class=\"wp-block-group has-global-padding is-layout-constrained wp-block-group-is-layout-constrained\">\n<figure class=\"wp-block-gallery has-nested-images columns-default is-cropped wp-block-gallery-1 is-layout-flex wp-block-gallery-is-layout-flex\">\n<figure class=\"wp-block-image size-large\"><img loading=\"lazy\" decoding=\"async\" width=\"824\" height=\"360\" data-id=\"281\" src=\"https:\/\/supriport.com.br\/wp-content\/uploads\/2025\/10\/360_F_589925063_ecQvtkwNAEnB7Nd9ad3hM7GOP0lae694.jpg\" alt=\"\" class=\"wp-image-281\" srcset=\"https:\/\/supriport.com.br\/wp-content\/uploads\/2025\/10\/360_F_589925063_ecQvtkwNAEnB7Nd9ad3hM7GOP0lae694.jpg 824w, https:\/\/supriport.com.br\/wp-content\/uploads\/2025\/10\/360_F_589925063_ecQvtkwNAEnB7Nd9ad3hM7GOP0lae694-300x131.jpg 300w, https:\/\/supriport.com.br\/wp-content\/uploads\/2025\/10\/360_F_589925063_ecQvtkwNAEnB7Nd9ad3hM7GOP0lae694-768x336.jpg 768w\" sizes=\"auto, (max-width: 824px) 100vw, 824px\" \/><\/figure>\n<\/figure>\n<\/div>\n<\/div>\n\n\n\n<div class=\"wp-block-column is-vertically-aligned-center is-layout-flow wp-block-column-is-layout-flow\">\n<div class=\"wp-block-group has-global-padding is-layout-constrained wp-container-core-group-is-layout-301020a0 wp-block-group-is-layout-constrained\" style=\"padding-top:var(--wp--preset--spacing--50);padding-right:var(--wp--preset--spacing--50);padding-bottom:var(--wp--preset--spacing--50);padding-left:var(--wp--preset--spacing--50)\">\n<h2 class=\"wp-block-heading has-large-font-size\">Garanta sua conformidade agora.<\/h2>\n\n\n\n<p style=\"margin-top:16px\">Descubra como nosso servi\u00e7o de Compliance pode transformar sua rotina e assegurar a conformidade legal.<\/p>\n\n\n\n<p>Envie-nos um <a href=\"mailto:comercial@supriport.com.br\" target=\"_blank\" rel=\"noreferrer noopener\" style=\"color: blue;\">email<\/a> com sua op\u00e7\u00e3o de pacote que enviaremos todas as informa\u00e7\u00f5es necess\u00e1rias \u00e0 ades\u00e3o, forma de pagamento, Contrato de Servi\u00e7os e etc.<\/p>\n\n\n\n<p>Ou acesse nossa P\u00e1gina de <a href=\"https:\/\/supriport.com.br\/contato\/\" data-type=\"page\" data-id=\"14\" target=\"_blank\" rel=\"noreferrer noopener\" style=\"color: blue;\">CONTATOS<\/a> e preencha o formul\u00e1rio com sua solicita\u00e7\u00e3o.<\/p>\n\n\n\n<p>Se Preferir, contate nosso departamento comercial pelo Telefone\/Whatsapp: +55 12 99724-1205<\/p>\n\n\n\n<div class=\"wp-block-buttons is-content-justification-left is-layout-flex wp-container-core-buttons-is-layout-ec155617 wp-block-buttons-is-layout-flex\" style=\"margin-top:var(--wp--preset--spacing--40)\"><\/div>\n<\/div>\n<\/div>\n<\/div>\n<\/div>\n\n\n\n<p><\/p>\n","protected":false},"excerpt":{"rendered":"<p>Nosso Servi\u00e7o de Compliance Conhe\u00e7a como auxiliamos compradores e fornecedores a seguir normas regulat\u00f3rias e garantir conformidade e seguran\u00e7a em sua tocada de neg\u00f3cios com Commodities. Como Garantimos Conformidade Nosso m\u00e9todo para auxiliar compradores e fornecedores a cumprir rigorosamente as normas regulat\u00f3rias, garantindo seguran\u00e7a e transpar\u00eancia \u00e9 fazer um levantamento completo dos dados da empresa [&hellip;]<\/p>\n","protected":false},"author":1,"featured_media":0,"parent":0,"menu_order":0,"comment_status":"closed","ping_status":"closed","template":"","meta":{"footnotes":""},"class_list":["post-269","page","type-page","status-publish","hentry"],"_links":{"self":[{"href":"http:\/\/supriport.com.br\/pt_br\/wp-json\/wp\/v2\/pages\/269","targetHints":{"allow":["GET"]}}],"collection":[{"href":"http:\/\/supriport.com.br\/pt_br\/wp-json\/wp\/v2\/pages"}],"about":[{"href":"http:\/\/supriport.com.br\/pt_br\/wp-json\/wp\/v2\/types\/page"}],"author":[{"embeddable":true,"href":"http:\/\/supriport.com.br\/pt_br\/wp-json\/wp\/v2\/users\/1"}],"replies":[{"embeddable":true,"href":"http:\/\/supriport.com.br\/pt_br\/wp-json\/wp\/v2\/comments?post=269"}],"version-history":[{"count":23,"href":"http:\/\/supriport.com.br\/pt_br\/wp-json\/wp\/v2\/pages\/269\/revisions"}],"predecessor-version":[{"id":305,"href":"http:\/\/supriport.com.br\/pt_br\/wp-json\/wp\/v2\/pages\/269\/revisions\/305"}],"wp:attachment":[{"href":"http:\/\/supriport.com.br\/pt_br\/wp-json\/wp\/v2\/media?parent=269"}],"curies":[{"name":"wp","href":"https:\/\/api.w.org\/{rel}","templated":true}]}}