{"id":17,"date":"2025-07-21T15:38:50","date_gmt":"2025-07-21T15:38:50","guid":{"rendered":"https:\/\/supriport.com.br\/pagina-inicial\/"},"modified":"2025-10-29T16:33:16","modified_gmt":"2025-10-29T16:33:16","slug":"pagina-inicial","status":"publish","type":"page","link":"http:\/\/supriport.com.br\/pt_br\/","title":{"rendered":"P\u00e1gina Inicial"},"content":{"rendered":"\n<div class=\"wp-block-group alignfull has-background-background-color has-background has-global-padding is-layout-constrained wp-block-group-is-layout-constrained\" style=\"border-top-width:1px;margin-top:0;margin-bottom:0;padding-top:0;padding-bottom:0\">\n<div class=\"wp-block-columns alignfull are-vertically-aligned-top is-layout-flex wp-container-core-columns-is-layout-28232c24 wp-block-columns-is-layout-flex\">\n<div class=\"wp-block-column is-vertically-aligned-top is-layout-flow wp-block-column-is-layout-flow\">\n<div class=\"wp-block-group has-global-padding is-layout-constrained wp-container-core-group-is-layout-c03f3b2a wp-block-group-is-layout-constrained\" style=\"padding-top:var(--wp--preset--spacing--60);padding-right:var(--wp--preset--spacing--30);padding-bottom:var(--wp--preset--spacing--60);padding-left:var(--wp--preset--spacing--30)\">\n<h1 class=\"wp-block-heading\">Solu\u00e7\u00f5es completas para Servi\u00e7os Log\u00edsticos, Negocia\u00e7\u00e3o de Commodities e Suprimentos Portu\u00e1rios<\/h1>\n\n\n\n<p style=\"margin-top:16px\">Especialistas em log\u00edstica portu\u00e1ria, fornecemos Suprimentos e Servi\u00e7os para Portos e intermediamos a Compra e Venda de Commodities, com servi\u00e7o de Compliance completo de seu cliente Comprador\/Fornecedor. Contrate esse Servi\u00e7o clicando <strong><a href=\"\/COMPLIANCE\" target=\"_blank\" rel=\"noreferrer noopener\"><mark style=\"background-color:rgba(0, 0, 0, 0)\" class=\"has-inline-color has-primary-color\">aqui<\/mark><\/a><\/strong>.<\/p>\n<\/div>\n<\/div>\n\n\n\n<div class=\"wp-block-column is-vertically-aligned-top is-layout-flow wp-block-column-is-layout-flow\">\n<div class=\"wp-block-cover is-light\" style=\"min-height:70vh;aspect-ratio:unset;\"><img loading=\"lazy\" decoding=\"async\" width=\"1024\" height=\"575\" class=\"wp-block-cover__image-background wp-image-28 size-large\" alt=\"\" src=\"https:\/\/supriport.com.br\/wp-content\/uploads\/2025\/07\/NAVIO-ATRACADO-1024x575.jpg\" data-object-fit=\"cover\" srcset=\"https:\/\/supriport.com.br\/wp-content\/uploads\/2025\/07\/NAVIO-ATRACADO-1024x575.jpg 1024w, https:\/\/supriport.com.br\/wp-content\/uploads\/2025\/07\/NAVIO-ATRACADO-300x169.jpg 300w, https:\/\/supriport.com.br\/wp-content\/uploads\/2025\/07\/NAVIO-ATRACADO-768x431.jpg 768w, https:\/\/supriport.com.br\/wp-content\/uploads\/2025\/07\/NAVIO-ATRACADO-1536x863.jpg 1536w\" sizes=\"auto, (max-width: 1024px) 100vw, 1024px\" \/><span aria-hidden=\"true\" class=\"wp-block-cover__background has-background-dim-0 has-background-dim\" style=\"background-color:#6d86a9\"><\/span><div class=\"wp-block-cover__inner-container is-layout-flow wp-block-cover-is-layout-flow\">\n<p class=\"has-text-align-center has-large-font-size\"><\/p>\n<\/div><\/div>\n<\/div>\n<\/div>\n<\/div>\n\n\n\n<div class=\"wp-block-group alignfull has-tertiary-background-color has-background has-global-padding is-layout-constrained wp-container-core-group-is-layout-7276a2bb wp-block-group-is-layout-constrained\" id=\"servicos\" style=\"border-top-width:1px;margin-top:0;margin-bottom:0;padding-top:var(--wp--preset--spacing--60);padding-right:var(--wp--preset--spacing--30);padding-bottom:var(--wp--preset--spacing--60);padding-left:var(--wp--preset--spacing--30)\">\n<div class=\"wp-block-group alignwide is-vertical is-layout-flex wp-container-core-group-is-layout-fe9cc265 wp-block-group-is-layout-flex\">\n<div class=\"wp-block-group alignwide has-global-padding is-content-justification-left is-layout-constrained wp-container-core-group-is-layout-8b4c372c wp-block-group-is-layout-constrained\">\n<h2 class=\"wp-block-heading alignwide\">Solu\u00e7\u00f5es completas para suas Opera\u00e7\u00f5es Log\u00edsticas e Compra e Venda de Commodities<\/h2>\n\n\n\n<p style=\"margin-top:16px\">Explore nossos servi\u00e7os especializados e personalizados, focados em efici\u00eancia e excel\u00eancia para movimenta\u00e7\u00e3o de cargas em portos, carga e descarga de navios.<\/p>\n\n\n\n<p>Conhe\u00e7a nossa linha de Suprimentos para Portos.<\/p>\n\n\n\n<p>Fazemos Intermedia\u00e7\u00e3o de Compra e Venda de Commodities, incluindo o servi\u00e7o de Compliance completo de se cliente Comprador\/Fornecedor. Contrate esse Servi\u00e7o clicando <strong><a href=\"\/COMPLIANCE\" target=\"_blank\" rel=\"noreferrer noopener\"><mark style=\"background-color:rgba(0, 0, 0, 0)\" class=\"has-inline-color has-primary-color\">aqui<\/mark><\/a><\/strong>.<\/p>\n<\/div>\n<\/div>\n\n\n\n<div class=\"wp-block-columns alignwide is-layout-flex wp-container-core-columns-is-layout-28f84493 wp-block-columns-is-layout-flex\">\n<div class=\"wp-block-column is-layout-flow wp-block-column-is-layout-flow\" style=\"border-width:1px;padding-top:var(--wp--preset--spacing--30);padding-right:var(--wp--preset--spacing--30);padding-bottom:var(--wp--preset--spacing--30);padding-left:var(--wp--preset--spacing--30)\">\n<h3 class=\"wp-block-heading\" style=\"font-size:clamp(14px, 0.875rem + ((1vw - 3.2px) * 0.625), 20px);line-height:1.5\">Log\u00edstica Portu\u00e1ria e Multimodal<\/h3>\n\n\n\n<p class=\"has-small-font-size\" style=\"margin-top:8px\">Oferecemos gest\u00e3o log\u00edstica integrada para opera\u00e7\u00f5es portu\u00e1rias e multimodais seguras e eficazes.<\/p>\n<\/div>\n\n\n\n<div class=\"wp-block-column is-layout-flow wp-block-column-is-layout-flow\" style=\"border-width:1px;padding-top:var(--wp--preset--spacing--30);padding-right:var(--wp--preset--spacing--30);padding-bottom:var(--wp--preset--spacing--30);padding-left:var(--wp--preset--spacing--30)\">\n<h3 class=\"wp-block-heading\" style=\"font-size:clamp(14px, 0.875rem + ((1vw - 3.2px) * 0.625), 20px);line-height:1.5\">Fornecimento de Suprimentos<\/h3>\n\n\n\n<p class=\"has-small-font-size\" style=\"margin-top:8px\">Garantimos o fornecimento \u00e1gil de materiais essenciais para portos e ind\u00fastrias.<\/p>\n<\/div>\n\n\n\n<div class=\"wp-block-column is-layout-flow wp-block-column-is-layout-flow\" style=\"border-width:1px;padding-top:var(--wp--preset--spacing--30);padding-right:var(--wp--preset--spacing--30);padding-bottom:var(--wp--preset--spacing--30);padding-left:var(--wp--preset--spacing--30)\">\n<h3 class=\"wp-block-heading\" style=\"font-size:clamp(14px, 0.875rem + ((1vw - 3.2px) * 0.625), 20px);line-height:1.5\">Intermedia\u00e7\u00e3o de Commodities<\/h3>\n\n\n\n<p class=\"has-small-font-size\" style=\"margin-top:8px\">Conectamos compradores e vendedores para negocia\u00e7\u00f5es transparentes e seguras, fornecendo Compliance completo de seu Comprador\/Fornecedor. Contrate esse Servi\u00e7o clicando <strong><a href=\"\/COMPLIANCE\" target=\"_blank\" rel=\"noreferrer noopener\"><mark style=\"background-color:rgba(0, 0, 0, 0)\" class=\"has-inline-color has-primary-color\">aqui<\/mark><\/a><\/strong>.<\/p>\n<\/div>\n<\/div>\n<\/div>\n\n\n\n<div class=\"wp-block-group alignfull has-background-background-color has-background has-global-padding is-layout-constrained wp-container-core-group-is-layout-5d554796 wp-block-group-is-layout-constrained\" style=\"border-top-width:1px;margin-top:0;margin-bottom:0;padding-top:var(--wp--preset--spacing--60);padding-right:0;padding-bottom:var(--wp--preset--spacing--60);padding-left:0\">\n<div class=\"wp-block-columns alignwide are-vertically-aligned-center is-layout-flex wp-container-core-columns-is-layout-47c06fe3 wp-block-columns-is-layout-flex\">\n<div class=\"wp-block-column is-vertically-aligned-center is-layout-flow wp-block-column-is-layout-flow\">\n<figure class=\"wp-block-image aligncenter size-full\"><img loading=\"lazy\" decoding=\"async\" width=\"950\" height=\"1010\" src=\"https:\/\/supriport.com.br\/wp-content\/uploads\/2025\/07\/tela1.png\" alt=\"\" class=\"wp-image-51\" style=\"aspect-ratio:1;object-fit:cover\" srcset=\"https:\/\/supriport.com.br\/wp-content\/uploads\/2025\/07\/tela1.png 950w, https:\/\/supriport.com.br\/wp-content\/uploads\/2025\/07\/tela1-282x300.png 282w, https:\/\/supriport.com.br\/wp-content\/uploads\/2025\/07\/tela1-768x817.png 768w\" sizes=\"auto, (max-width: 950px) 100vw, 950px\" \/><\/figure>\n\n\n\n<h6 class=\"wp-block-heading has-text-align-center\" style=\"margin-top:16px\">Expertise em log\u00edstica e suprimentos para portos<\/h6>\n<\/div>\n\n\n\n<div class=\"wp-block-column is-vertically-aligned-center is-layout-flow wp-block-column-is-layout-flow\">\n<div class=\"wp-block-group has-global-padding is-content-justification-left is-layout-constrained wp-container-core-group-is-layout-12dd3699 wp-block-group-is-layout-constrained\">\n<h2 class=\"wp-block-heading\">Solu\u00e7\u00f5es integradas com suporte dedicado e \u00e1gil<\/h2>\n\n\n\n<p style=\"margin-top:16px\">Conhe\u00e7a nossos servi\u00e7os completos que garantem efici\u00eancia e agilidade para seus neg\u00f3cios envolvendo solu\u00e7\u00f5es portu\u00e1rias, suprimentos para movimenta\u00e7ao de cargas e embalagens para movimenta\u00e7\u00e3o de commodities.<\/p>\n<\/div>\n<\/div>\n<\/div>\n<\/div>\n\n\n\n<div class=\"wp-block-group alignfull has-tertiary-background-color has-background has-global-padding is-layout-constrained wp-container-core-group-is-layout-7d1597ee wp-block-group-is-layout-constrained\" id=\"sobre\" style=\"border-top-width:1px;margin-top:0;margin-bottom:0;padding-top:var(--wp--preset--spacing--60);padding-right:0;padding-bottom:var(--wp--preset--spacing--60);padding-left:0\">\n<div class=\"wp-block-columns alignwide is-layout-flex wp-container-core-columns-is-layout-d0bbbce0 wp-block-columns-is-layout-flex\">\n<div class=\"wp-block-column is-layout-flow wp-block-column-is-layout-flow\">\n<h3 class=\"wp-block-heading has-text-align-left\">Solu\u00e7\u00f5es completas e personalizadas em log\u00edstica multimodal e suprimentos portu\u00e1rios e industriais<\/h3>\n\n\n\n<p class=\"has-text-align-left\" style=\"margin-top:16px\">Conhe\u00e7a nossa miss\u00e3o de oferecer servi\u00e7os eficientes, nosso compromisso com a excel\u00eancia e a trajet\u00f3ria que nos torna refer\u00eancia no setor portu\u00e1rio.<\/p>\n<\/div>\n<\/div>\n\n\n\n<div class=\"wp-block-group alignwide is-layout-grid wp-container-core-group-is-layout-9f4e5c95 wp-block-group-is-layout-grid\">\n<div style=\"aspect-ratio:16\/9;min-height:unset;\" class=\"wp-block-cover has-aspect-ratio\"><img loading=\"lazy\" decoding=\"async\" width=\"1024\" height=\"576\" class=\"wp-block-cover__image-background wp-image-237 size-large\" alt=\"\" src=\"https:\/\/supriport.com.br\/wp-content\/uploads\/2025\/09\/d947b18d22e97c3a9d8427b70a53bd51-1024x576.jpg\" data-object-fit=\"cover\" srcset=\"https:\/\/supriport.com.br\/wp-content\/uploads\/2025\/09\/d947b18d22e97c3a9d8427b70a53bd51-1024x576.jpg 1024w, https:\/\/supriport.com.br\/wp-content\/uploads\/2025\/09\/d947b18d22e97c3a9d8427b70a53bd51-300x169.jpg 300w, https:\/\/supriport.com.br\/wp-content\/uploads\/2025\/09\/d947b18d22e97c3a9d8427b70a53bd51-768x432.jpg 768w, https:\/\/supriport.com.br\/wp-content\/uploads\/2025\/09\/d947b18d22e97c3a9d8427b70a53bd51.jpg 1280w\" sizes=\"auto, (max-width: 1024px) 100vw, 1024px\" \/><span aria-hidden=\"true\" class=\"wp-block-cover__background has-background-dim-0 has-background-dim\" style=\"background-color:#645749\"><\/span><div class=\"wp-block-cover__inner-container is-layout-flow wp-block-cover-is-layout-flow\">\n<div style=\"height:100px\" aria-hidden=\"true\" class=\"wp-block-spacer\"><\/div>\n<\/div><\/div>\n\n\n\n<div style=\"aspect-ratio:16\/9;min-height:unset;\" class=\"wp-block-cover has-aspect-ratio\"><img loading=\"lazy\" decoding=\"async\" width=\"1010\" height=\"758\" class=\"wp-block-cover__image-background wp-image-38 size-full\" alt=\"\" src=\"https:\/\/supriport.com.br\/wp-content\/uploads\/2025\/07\/26.jpg\" data-object-fit=\"cover\" srcset=\"https:\/\/supriport.com.br\/wp-content\/uploads\/2025\/07\/26.jpg 1010w, https:\/\/supriport.com.br\/wp-content\/uploads\/2025\/07\/26-300x225.jpg 300w, https:\/\/supriport.com.br\/wp-content\/uploads\/2025\/07\/26-768x576.jpg 768w\" sizes=\"auto, (max-width: 1010px) 100vw, 1010px\" \/><span aria-hidden=\"true\" class=\"wp-block-cover__background has-background-dim-0 has-background-dim\" style=\"background-color:#727884\"><\/span><div class=\"wp-block-cover__inner-container is-layout-flow wp-block-cover-is-layout-flow\">\n<div style=\"height:100px\" aria-hidden=\"true\" class=\"wp-block-spacer\"><\/div>\n<\/div><\/div>\n\n\n\n<div style=\"aspect-ratio:16\/9;min-height:unset;\" class=\"wp-block-cover has-aspect-ratio\"><img loading=\"lazy\" decoding=\"async\" width=\"1010\" height=\"673\" class=\"wp-block-cover__image-background wp-image-50 size-full\" alt=\"\" src=\"https:\/\/supriport.com.br\/wp-content\/uploads\/2025\/07\/STACKER-02-TUBOS.jpg\" data-object-fit=\"cover\" srcset=\"https:\/\/supriport.com.br\/wp-content\/uploads\/2025\/07\/STACKER-02-TUBOS.jpg 1010w, https:\/\/supriport.com.br\/wp-content\/uploads\/2025\/07\/STACKER-02-TUBOS-300x200.jpg 300w, https:\/\/supriport.com.br\/wp-content\/uploads\/2025\/07\/STACKER-02-TUBOS-768x512.jpg 768w\" sizes=\"auto, (max-width: 1010px) 100vw, 1010px\" \/><span aria-hidden=\"true\" class=\"wp-block-cover__background has-background-dim-0 has-background-dim\" style=\"background-color:#646f7c\"><\/span><div class=\"wp-block-cover__inner-container is-layout-flow wp-block-cover-is-layout-flow\">\n<div style=\"height:100px\" aria-hidden=\"true\" class=\"wp-block-spacer\"><\/div>\n<\/div><\/div>\n<\/div>\n<\/div>\n\n\n\n<div class=\"wp-block-group alignfull has-background-background-color has-background has-global-padding is-layout-constrained wp-container-core-group-is-layout-68d5e5bb wp-block-group-is-layout-constrained\" id=\"recursos\" style=\"border-top-width:1px;margin-top:0;margin-bottom:0;padding-top:var(--wp--preset--spacing--50);padding-right:var(--wp--preset--spacing--30);padding-bottom:var(--wp--preset--spacing--60);padding-left:var(--wp--preset--spacing--30)\">\n<div class=\"wp-block-group alignwide is-vertical is-layout-flex wp-container-core-group-is-layout-fe9cc265 wp-block-group-is-layout-flex\">\n<div class=\"wp-block-group alignwide has-global-padding is-content-justification-left is-layout-constrained wp-container-core-group-is-layout-12dd3699 wp-block-group-is-layout-constrained\">\n<h2 class=\"wp-block-heading alignwide has-large-font-size\" style=\"margin-top:12px\">Solu\u00e7\u00f5es completas para log\u00edstica portu\u00e1ria e multimodal<\/h2>\n\n\n\n<p style=\"margin-top:16px\"><\/p>\n<\/div>\n<\/div>\n\n\n\n<div class=\"wp-block-columns alignwide is-layout-flex wp-container-core-columns-is-layout-28f84493 wp-block-columns-is-layout-flex\">\n<div class=\"wp-block-column is-vertically-aligned-stretch is-layout-flow wp-block-column-is-layout-flow\" style=\"flex-basis:33.33%\">\n<div class=\"wp-block-group has-global-padding is-layout-constrained wp-container-core-group-is-layout-8f6f1862 wp-block-group-is-layout-constrained\" style=\"border-width:1px;min-height:100%;margin-top:0;margin-bottom:0;padding-top:0;padding-right:0;padding-bottom:0;padding-left:0\">\n<figure class=\"wp-block-image size-full wp-duotone-unset-1\"><img loading=\"lazy\" decoding=\"async\" width=\"912\" height=\"1010\" src=\"https:\/\/supriport.com.br\/wp-content\/uploads\/2025\/07\/eqptos.png\" alt=\"\" class=\"wp-image-42\" srcset=\"https:\/\/supriport.com.br\/wp-content\/uploads\/2025\/07\/eqptos.png 912w, https:\/\/supriport.com.br\/wp-content\/uploads\/2025\/07\/eqptos-271x300.png 271w, https:\/\/supriport.com.br\/wp-content\/uploads\/2025\/07\/eqptos-768x851.png 768w\" sizes=\"auto, (max-width: 912px) 100vw, 912px\" \/><\/figure>\n\n\n\n<figure class=\"wp-block-image size-full wp-duotone-unset-2\"><img loading=\"lazy\" decoding=\"async\" width=\"777\" height=\"883\" src=\"https:\/\/supriport.com.br\/wp-content\/uploads\/2025\/07\/slings.png\" alt=\"\" class=\"wp-image-52\" srcset=\"https:\/\/supriport.com.br\/wp-content\/uploads\/2025\/07\/slings.png 777w, https:\/\/supriport.com.br\/wp-content\/uploads\/2025\/07\/slings-264x300.png 264w, https:\/\/supriport.com.br\/wp-content\/uploads\/2025\/07\/slings-768x873.png 768w\" sizes=\"auto, (max-width: 777px) 100vw, 777px\" \/><\/figure>\n\n\n\n<div class=\"wp-block-group has-global-padding is-layout-constrained wp-container-core-group-is-layout-80fb368b wp-block-group-is-layout-constrained\" style=\"padding-top:var(--wp--preset--spacing--30);padding-right:var(--wp--preset--spacing--30);padding-bottom:var(--wp--preset--spacing--30);padding-left:var(--wp--preset--spacing--30)\">\n<h3 class=\"wp-block-heading has-medium-font-size\" style=\"line-height:1.5\">Suprimentos Portu\u00e1rios<\/h3>\n\n\n\n<p class=\"has-small-font-size\" style=\"margin-top:8px\">Fornecimento de suprimentos para movimenta\u00e7\u00e3o, i\u00e7amento e amarra\u00e7\u00e3o de cargas em portos e ind\u00fastrias (empilhadeiras, tug masters, roll trailers, reach stackers, cintas, correntes, cabos de a\u00e7o, redes de conten\u00e7\u00e3o), al\u00e9m de insumos e embalagens para gran\u00e9is (Sacaria, Big Bags, Marine Slings).<\/p>\n<\/div>\n<\/div>\n<\/div>\n\n\n\n<div class=\"wp-block-column is-vertically-aligned-stretch has-global-padding is-layout-constrained wp-container-core-column-is-layout-a35945ca wp-block-column-is-layout-constrained\" style=\"border-radius:0.5rem;padding-top:var(--wp--preset--spacing--30);padding-right:var(--wp--preset--spacing--30);padding-bottom:var(--wp--preset--spacing--30);padding-left:var(--wp--preset--spacing--30);flex-basis:66.66%\">\n<div class=\"wp-block-columns are-vertically-aligned-center has-medium-font-size is-layout-flex wp-container-core-columns-is-layout-28f84493 wp-block-columns-is-layout-flex\" style=\"line-height:1.5\">\n<div class=\"wp-block-column is-vertically-aligned-center is-layout-flow wp-block-column-is-layout-flow\">\n<div class=\"wp-block-group has-global-padding is-layout-constrained wp-container-core-group-is-layout-a35945ca wp-block-group-is-layout-constrained\" style=\"border-radius:0.5rem;padding-top:var(--wp--preset--spacing--30);padding-right:var(--wp--preset--spacing--30);padding-bottom:var(--wp--preset--spacing--30);padding-left:var(--wp--preset--spacing--30)\">\n<h3 class=\"wp-block-heading has-medium-font-size\" style=\"line-height:1.5\">Intermedia\u00e7\u00e3o de Commodities<\/h3>\n\n\n\n<p class=\"has-small-font-size\" style=\"margin-top:8px\">Facilitamos a Compra e a Venda de Commodities, com seguran\u00e7a garantida por parceiros especializados em Conformidades e Compliance de Alto N\u00edvel, incluindo o Servi\u00e7o de Compliance completo de seu Comprador\/Fornecedor. Contrate esse Servi\u00e7o clicando <strong><a href=\"\/COMPLIANCE\" target=\"_blank\" rel=\"noreferrer noopener\"><mark style=\"background-color:rgba(0, 0, 0, 0)\" class=\"has-inline-color has-primary-color\">aqui<\/mark><\/a><\/strong>.<\/p>\n\n\n\n<p class=\"has-small-font-size\" style=\"margin-top:8px\">Integramos a compra e venda dos produtos com nossa log\u00edstica portu\u00e1ira (sempre que o cliente desejar), nos portos de S\u00e3o Sebasti\u00e3o-SP, Santos-SP, Suape-PE, Paranagu\u00e1-PR e Campana-Euroam\u00e9rica na Argentina.<\/p>\n\n\n\n<p class=\"has-small-font-size\" style=\"margin-top:8px\">Alguns de nossos produtos: A\u00e7\u00facar (IC-45\/150 e VHP 600\/1200), Farelo de Soja, \u00d3leo de Soja, Milho GMO, Bauxita, Alumina, Arroz, Soja, Woodchip, Ur\u00e9ia e Combust\u00edveis (Diesel EN590, JET Fuel A1 e outros).<\/p>\n<\/div>\n<\/div>\n<\/div>\n\n\n\n<figure class=\"wp-block-image size-full\" style=\"margin-top:8px\"><img loading=\"lazy\" decoding=\"async\" width=\"900\" height=\"472\" src=\"https:\/\/supriport.com.br\/wp-content\/uploads\/2025\/07\/COMMODITIES-900-x-472.jpg\" alt=\"\" class=\"wp-image-53\" srcset=\"https:\/\/supriport.com.br\/wp-content\/uploads\/2025\/07\/COMMODITIES-900-x-472.jpg 900w, https:\/\/supriport.com.br\/wp-content\/uploads\/2025\/07\/COMMODITIES-900-x-472-300x157.jpg 300w, https:\/\/supriport.com.br\/wp-content\/uploads\/2025\/07\/COMMODITIES-900-x-472-768x403.jpg 768w\" sizes=\"auto, (max-width: 900px) 100vw, 900px\" \/><\/figure>\n\n\n\n<div class=\"wp-block-columns is-layout-flex wp-container-core-columns-is-layout-28f84493 wp-block-columns-is-layout-flex\">\n<div class=\"wp-block-column is-layout-flow wp-block-column-is-layout-flow\">\n<div class=\"wp-block-columns is-layout-flex wp-container-core-columns-is-layout-28f84493 wp-block-columns-is-layout-flex\">\n<div class=\"wp-block-column is-layout-flow wp-block-column-is-layout-flow\" style=\"flex-basis:100%\">\n<figure class=\"wp-block-image aligncenter size-full is-resized\"><a href=\"https:\/\/phigold.global\/\" target=\"_blank\" rel=\" noreferrer noopener\"><img loading=\"lazy\" decoding=\"async\" width=\"232\" height=\"104\" src=\"https:\/\/supriport.com.br\/wp-content\/uploads\/2025\/07\/logo.png\" alt=\"\" class=\"wp-image-66\" style=\"width:287px;height:auto\"\/><\/a><\/figure>\n<\/div>\n<\/div>\n<\/div>\n\n\n\n<div class=\"wp-block-column is-layout-flow wp-block-column-is-layout-flow\">\n<p class=\"has-text-align-left\"><em><strong><mark style=\"background-color:rgba(0, 0, 0, 0)\" class=\"has-inline-color has-primary-color\"><strong>Nossas negocia\u00e7\u00f5es com commodities s\u00e3o conduzidas com m\u00e1xima seguran\u00e7a operacional, total transpar\u00eancia e valida\u00e7\u00e3o documental, conforme os padr\u00f5es da PHI Global Market SAS<\/strong><\/mark><\/strong><\/em><\/p>\n\n\n\n<p>D\u00ea aceite em nosso NCNDA e beneficie-se de nossa seguran\u00e7a em sua tocada de neg\u00f3cios com Commodities clicando <strong><a href=\"https:\/\/supriport.com.br\/ncnda\/\" data-type=\"page\" data-id=\"108\" target=\"_blank\" rel=\"noreferrer noopener\"><mark style=\"background-color:rgba(0, 0, 0, 0)\" class=\"has-inline-color has-primary-color\">aqui<\/mark><\/a><\/strong>.<\/p>\n<\/div>\n<\/div>\n<\/div>\n<\/div>\n<\/div>\n\n\n\n<div class=\"wp-block-group alignfull has-tertiary-background-color has-background has-global-padding is-layout-constrained wp-container-core-group-is-layout-6a1386d3 wp-block-group-is-layout-constrained\" id=\"contato\" style=\"border-top-width:1px;margin-top:0;margin-bottom:0;padding-top:var(--wp--preset--spacing--60);padding-right:0;padding-bottom:var(--wp--preset--spacing--60);padding-left:0\">\n<h2 class=\"wp-block-heading alignfull has-text-align-center\">Solu\u00e7\u00f5es completas para log\u00edstica portu\u00e1ria e multimodal<\/h2>\n\n\n\n<p class=\"has-text-align-center\"><strong>Rua Enilda Mantovani Silva, 115<\/strong><\/p>\n\n\n\n<p class=\"has-text-align-center\" style=\"margin-top:0;margin-bottom:0\"><strong>Jardim Brit\u00e2nia &#8211; Caraguatatuba &#8211; SP &#8211; Brasil<\/strong><\/p>\n\n\n\n<p class=\"has-text-align-center has-small-font-size\" style=\"margin-top:8px\">+55-12-99724-1205<\/p>\n\n\n\n<p class=\"has-text-align-center\">comercial@supriport.com.br<\/p>\n\n\n\n<p class=\"has-text-align-center\"><a href=\"mailto:comercial@supriport.com.br\" target=\"_blank\" rel=\"noreferrer noopener\">Enviar e-mail<\/a><\/p>\n<\/div>\n\n\n\n<p><\/p>\n","protected":false},"excerpt":{"rendered":"<p>Solu\u00e7\u00f5es completas para Servi\u00e7os Log\u00edsticos, Negocia\u00e7\u00e3o de Commodities e Suprimentos Portu\u00e1rios Especialistas em log\u00edstica portu\u00e1ria, fornecemos Suprimentos e Servi\u00e7os para Portos e intermediamos a Compra e Venda de Commodities, com servi\u00e7o de Compliance completo de seu cliente Comprador\/Fornecedor. Contrate esse Servi\u00e7o clicando aqui. Solu\u00e7\u00f5es completas para suas Opera\u00e7\u00f5es Log\u00edsticas e Compra e Venda de Commodities [&hellip;]<\/p>\n","protected":false},"author":1,"featured_media":0,"parent":0,"menu_order":0,"comment_status":"closed","ping_status":"closed","template":"no-title","meta":{"footnotes":""},"class_list":["post-17","page","type-page","status-publish","hentry"],"_links":{"self":[{"href":"http:\/\/supriport.com.br\/pt_br\/wp-json\/wp\/v2\/pages\/17","targetHints":{"allow":["GET"]}}],"collection":[{"href":"http:\/\/supriport.com.br\/pt_br\/wp-json\/wp\/v2\/pages"}],"about":[{"href":"http:\/\/supriport.com.br\/pt_br\/wp-json\/wp\/v2\/types\/page"}],"author":[{"embeddable":true,"href":"http:\/\/supriport.com.br\/pt_br\/wp-json\/wp\/v2\/users\/1"}],"replies":[{"embeddable":true,"href":"http:\/\/supriport.com.br\/pt_br\/wp-json\/wp\/v2\/comments?post=17"}],"version-history":[{"count":38,"href":"http:\/\/supriport.com.br\/pt_br\/wp-json\/wp\/v2\/pages\/17\/revisions"}],"predecessor-version":[{"id":266,"href":"http:\/\/supriport.com.br\/pt_br\/wp-json\/wp\/v2\/pages\/17\/revisions\/266"}],"wp:attachment":[{"href":"http:\/\/supriport.com.br\/pt_br\/wp-json\/wp\/v2\/media?parent=17"}],"curies":[{"name":"wp","href":"https:\/\/api.w.org\/{rel}","templated":true}]}}